{"id":8306,"date":"2026-02-26T14:09:40","date_gmt":"2026-02-26T13:09:40","guid":{"rendered":"https:\/\/www.vinquotidien.com\/?post_type=product&#038;p=8306"},"modified":"2026-05-08T11:24:58","modified_gmt":"2026-05-08T09:24:58","slug":"cinso-bistro-chateau-beaubois","status":"publish","type":"product","link":"https:\/\/www.vinquotidien.com\/fr\/produit\/cinso-bistro-chateau-beaubois\/","title":{"rendered":"Cinso Bistro 2023 &#8211; Ch\u00e2teau Beaubois"},"content":{"rendered":"<p><strong>Vigneron : <\/strong><br \/>\nCh\u00e2teau Beaubois<\/p>\n<p><strong>Appellation : <\/strong><br \/>\nVin de France<\/p>\n<p><strong>R\u00e9gion :<\/strong><br \/>\nRh\u00f4ne M\u00e9ridional<\/p>\n<p><strong>R\u00e9compenses :<\/strong><\/p>\n<p><strong>Et le vin : <\/strong><br \/>\nC\u00e9page : 100 % cinsault.<br \/>\nSols de cailloutis villafranchiens, Gress, secteur sud costi\u00e8res, partie Durancienne de Franquevaux.<br \/>\nVinification traditionnelle avec remontages r\u00e9guliers.<br \/>\nTemp\u00e9rature de vinification contr\u00f4l\u00e9e autour des 25\u00b0C.<br \/>\n8 jours de cuvaison et \u00e9levage de 6 mois en cuve.<\/p>\n<p><strong>Et dans le verre :<\/strong><br \/>\nRobe violine aux reflets carmin.<br \/>\nNez de petits fruits rouges, bouche gourmande de fruits frais et poivre<br \/>\nUn vin de plaisir, \u00e0 boire sans soif !<\/p>\n<p><strong>Accords Mets &amp; Vins : <\/strong><br \/>\nVin \u00e0 boire frais, sur des ap\u00e9ritifs, plateaux de charcuteries et fromages, buffet chaud ou froid.<\/p>\n","protected":false},"excerpt":{"rendered":"<p><strong>Vigneron : <\/strong><br \/>\nCh\u00e2teau Beaubois<\/p>\n<p><strong>Appellation : <\/strong><br \/>\nVin de France<\/p>\n<p><strong>R\u00e9gion :<\/strong><br \/>\nRh\u00f4ne M\u00e9ridional<\/p>\n<p><strong>R\u00e9compenses :<\/strong><\/p>\n","protected":false},"featured_media":8307,"comment_status":"open","ping_status":"closed","template":"","meta":[],"product_brand":[],"product_cat":[22,25],"product_tag":[],"class_list":{"0":"post-8306","1":"product","2":"type-product","3":"status-publish","4":"has-post-thumbnail","6":"product_cat-nouveautes","7":"product_cat-vin-rouge","9":"first","10":"instock","11":"taxable","12":"shipping-taxable","13":"purchasable","14":"product-type-simple"},"group_of_quantity":6,"min_quantity":0,"max_quantity":"","exclude_order_quantity_value_rules":"no","exclude_category_quantity_rules":"no","combine_variations":"no","_links":{"self":[{"href":"https:\/\/www.vinquotidien.com\/fr\/wp-json\/wp\/v2\/product\/8306","targetHints":{"allow":["GET"]}}],"collection":[{"href":"https:\/\/www.vinquotidien.com\/fr\/wp-json\/wp\/v2\/product"}],"about":[{"href":"https:\/\/www.vinquotidien.com\/fr\/wp-json\/wp\/v2\/types\/product"}],"replies":[{"embeddable":true,"href":"https:\/\/www.vinquotidien.com\/fr\/wp-json\/wp\/v2\/comments?post=8306"}],"wp:featuredmedia":[{"embeddable":true,"href":"https:\/\/www.vinquotidien.com\/fr\/wp-json\/wp\/v2\/media\/8307"}],"wp:attachment":[{"href":"https:\/\/www.vinquotidien.com\/fr\/wp-json\/wp\/v2\/media?parent=8306"}],"wp:term":[{"taxonomy":"product_brand","embeddable":true,"href":"https:\/\/www.vinquotidien.com\/fr\/wp-json\/wp\/v2\/product_brand?post=8306"},{"taxonomy":"product_cat","embeddable":true,"href":"https:\/\/www.vinquotidien.com\/fr\/wp-json\/wp\/v2\/product_cat?post=8306"},{"taxonomy":"product_tag","embeddable":true,"href":"https:\/\/www.vinquotidien.com\/fr\/wp-json\/wp\/v2\/product_tag?post=8306"}],"curies":[{"name":"wp","href":"https:\/\/api.w.org\/{rel}","templated":true}]}}