{"id":8321,"date":"2026-02-26T14:03:32","date_gmt":"2026-02-26T13:03:32","guid":{"rendered":"https:\/\/www.vinquotidien.com\/?post_type=product&#038;p=8321"},"modified":"2026-05-08T11:25:06","modified_gmt":"2026-05-08T09:25:06","slug":"viognier-bistro-chateau-beaubois","status":"publish","type":"product","link":"https:\/\/www.vinquotidien.com\/fr\/produit\/viognier-bistro-chateau-beaubois\/","title":{"rendered":"Viognier Bistro 2024 &#8211; Ch\u00e2teau Beaubois"},"content":{"rendered":"<p><strong>Vigneron : <\/strong><br \/>\nCh\u00e2teau Beaubois<\/p>\n<p><strong>Appellation : <\/strong><br \/>\nVin de France<\/p>\n<p><strong>R\u00e9gion :<\/strong><br \/>\nRh\u00f4ne M\u00e9ridional<\/p>\n<p><strong>R\u00e9compenses :<\/strong><\/p>\n<p><strong>Et le vin : <\/strong><br \/>\nC\u00e9page : 100 % Viognier.<br \/>\nSols de galets roul\u00e9s villafranchiens (galets de quartz) sur un sous-sol argilo-calcaire. Pressurage direct pour limiter le contact avec les peaux.<br \/>\nFermentation \u00e0 basse temp\u00e9rature. \u00c9levage court en cuve pendant environ 4 mois avant mise en bouteille.<\/p>\n<p><strong>Et dans le verre : <\/strong><br \/>\nRobe jaune clair aux reflets brillants.<br \/>\nNez expressif de notes de fruits blancs (p\u00eache, poire) et de fleurs jaunes (abricot, ch\u00e8vrefeuille).<br \/>\nEn bouche, l&rsquo;attaque est ronde et onctueuse, typique du c\u00e9page, avec une finale fra\u00eeche qui \u00e9quilibre la richesse naturelle du Viognier.<\/p>\n<p><strong>Accords Mets &amp; Vins : <\/strong><br \/>\nIl \u00e9quilibrera parfaitement les \u00e9pices d&rsquo;un curry et sera parfait sur sushis sashimis.<\/p>\n","protected":false},"excerpt":{"rendered":"<p><strong>Vigneron : <\/strong><br \/>\nCh\u00e2teau Beaubois<\/p>\n<p><strong>Appellation : <\/strong><br \/>\nVin de France<\/p>\n<p><strong>R\u00e9gion :<\/strong><br \/>\nVin de France<\/p>\n<p><strong>R\u00e9compenses :<\/strong><\/p>\n","protected":false},"featured_media":8454,"comment_status":"open","ping_status":"closed","template":"","meta":[],"product_brand":[],"product_cat":[22,26],"product_tag":[],"class_list":{"0":"post-8321","1":"product","2":"type-product","3":"status-publish","4":"has-post-thumbnail","6":"product_cat-nouveautes","7":"product_cat-vin-blanc","9":"first","10":"instock","11":"taxable","12":"shipping-taxable","13":"purchasable","14":"product-type-simple"},"group_of_quantity":6,"min_quantity":0,"max_quantity":"","exclude_order_quantity_value_rules":"no","exclude_category_quantity_rules":"no","combine_variations":"no","_links":{"self":[{"href":"https:\/\/www.vinquotidien.com\/fr\/wp-json\/wp\/v2\/product\/8321","targetHints":{"allow":["GET"]}}],"collection":[{"href":"https:\/\/www.vinquotidien.com\/fr\/wp-json\/wp\/v2\/product"}],"about":[{"href":"https:\/\/www.vinquotidien.com\/fr\/wp-json\/wp\/v2\/types\/product"}],"replies":[{"embeddable":true,"href":"https:\/\/www.vinquotidien.com\/fr\/wp-json\/wp\/v2\/comments?post=8321"}],"wp:featuredmedia":[{"embeddable":true,"href":"https:\/\/www.vinquotidien.com\/fr\/wp-json\/wp\/v2\/media\/8454"}],"wp:attachment":[{"href":"https:\/\/www.vinquotidien.com\/fr\/wp-json\/wp\/v2\/media?parent=8321"}],"wp:term":[{"taxonomy":"product_brand","embeddable":true,"href":"https:\/\/www.vinquotidien.com\/fr\/wp-json\/wp\/v2\/product_brand?post=8321"},{"taxonomy":"product_cat","embeddable":true,"href":"https:\/\/www.vinquotidien.com\/fr\/wp-json\/wp\/v2\/product_cat?post=8321"},{"taxonomy":"product_tag","embeddable":true,"href":"https:\/\/www.vinquotidien.com\/fr\/wp-json\/wp\/v2\/product_tag?post=8321"}],"curies":[{"name":"wp","href":"https:\/\/api.w.org\/{rel}","templated":true}]}}