{"id":8325,"date":"2026-02-26T13:49:04","date_gmt":"2026-02-26T12:49:04","guid":{"rendered":"https:\/\/www.vinquotidien.com\/?post_type=product&#038;p=8325"},"modified":"2026-03-11T10:11:21","modified_gmt":"2026-03-11T09:11:21","slug":"cristaux-liquides-saint-chinian-domaine-les-eminades","status":"publish","type":"product","link":"https:\/\/www.vinquotidien.com\/fr\/produit\/cristaux-liquides-saint-chinian-domaine-les-eminades\/","title":{"rendered":"Cristaux Liquides 2024, Saint-Chinian, Domaine Les Eminades"},"content":{"rendered":"<p><strong>Vigneron : <\/strong><br \/>\nDomaine Les Eminades<\/p>\n<p><strong>Appellation : <\/strong><br \/>\nSaint-Chinian<\/p>\n<p><strong>R\u00e9gion :<\/strong><br \/>\nLanguedoc<\/p>\n<p><strong>R\u00e9compenses :<\/strong><\/p>\n<p><strong>Et le vin : <\/strong><br \/>\nC\u00e9pages : 95% Syrah (vignes de pr\u00e8s de 40 ans) et 5% de Grenache.<br \/>\nTerroir : Sols calcaires du Jurassique avec \u00e9clats de Schistes.<br \/>\nAltitude moyenne de 260m. Exposition Nord.<br \/>\nVinicole : Vinification traditionnelle en levures indig\u00e8nes, \u00e9grappage partiel et remontages.<br \/>\nElevage de 10 mois sur lies et en cuves b\u00e9ton avant mise en bouteilles au Domaine.<\/p>\n<p><strong>Et dans le verre :<\/strong><br \/>\nRobe pourpre sombre aux reflets violets.<br \/>\nNez complexe de petits fruits noirs (m\u00fbre, myrtille) m\u00eal\u00e9es \u00e0 une jolie min\u00e9ralit\u00e9 sur des touches de poivre blanc et de violette.<br \/>\nBouche est vive et tendue avec une structure dense mais tr\u00e8s \u00e9l\u00e9gante et soutenue par des tanins fins sculpt\u00e9s mettant en avant la puret\u00e9 du fruit.<\/p>\n<p><strong>Accords Mets &amp; Vins : <\/strong><br \/>\nAvec une belle daube de b\u0153uf ou un gigot d\u2019agneau r\u00f4ti.<\/p>\n","protected":false},"excerpt":{"rendered":"<p><strong>Vigneron : <\/strong><br \/>\nDomaine Les Eminades<\/p>\n<p><strong>Appellation : <\/strong><br \/>\nSaint-Chinian<\/p>\n<p><strong>R\u00e9gion :<\/strong><br \/>\nLanguedoc<\/p>\n<p><strong>R\u00e9compenses :<\/strong><\/p>\n","protected":false},"featured_media":8326,"comment_status":"open","ping_status":"closed","template":"","meta":[],"product_brand":[],"product_cat":[22,25],"product_tag":[],"class_list":{"0":"post-8325","1":"product","2":"type-product","3":"status-publish","4":"has-post-thumbnail","6":"product_cat-nouveautes","7":"product_cat-vin-rouge","9":"first","10":"instock","11":"taxable","12":"shipping-taxable","13":"purchasable","14":"product-type-simple"},"group_of_quantity":6,"min_quantity":0,"max_quantity":"","exclude_order_quantity_value_rules":"no","exclude_category_quantity_rules":"no","combine_variations":"no","_links":{"self":[{"href":"https:\/\/www.vinquotidien.com\/fr\/wp-json\/wp\/v2\/product\/8325","targetHints":{"allow":["GET"]}}],"collection":[{"href":"https:\/\/www.vinquotidien.com\/fr\/wp-json\/wp\/v2\/product"}],"about":[{"href":"https:\/\/www.vinquotidien.com\/fr\/wp-json\/wp\/v2\/types\/product"}],"replies":[{"embeddable":true,"href":"https:\/\/www.vinquotidien.com\/fr\/wp-json\/wp\/v2\/comments?post=8325"}],"wp:featuredmedia":[{"embeddable":true,"href":"https:\/\/www.vinquotidien.com\/fr\/wp-json\/wp\/v2\/media\/8326"}],"wp:attachment":[{"href":"https:\/\/www.vinquotidien.com\/fr\/wp-json\/wp\/v2\/media?parent=8325"}],"wp:term":[{"taxonomy":"product_brand","embeddable":true,"href":"https:\/\/www.vinquotidien.com\/fr\/wp-json\/wp\/v2\/product_brand?post=8325"},{"taxonomy":"product_cat","embeddable":true,"href":"https:\/\/www.vinquotidien.com\/fr\/wp-json\/wp\/v2\/product_cat?post=8325"},{"taxonomy":"product_tag","embeddable":true,"href":"https:\/\/www.vinquotidien.com\/fr\/wp-json\/wp\/v2\/product_tag?post=8325"}],"curies":[{"name":"wp","href":"https:\/\/api.w.org\/{rel}","templated":true}]}}