{"id":8338,"date":"2026-02-26T13:43:15","date_gmt":"2026-02-26T12:43:15","guid":{"rendered":"https:\/\/www.vinquotidien.com\/?post_type=product&#038;p=8338"},"modified":"2026-03-17T11:39:48","modified_gmt":"2026-03-17T10:39:48","slug":"le-prestige-cahors-chateau-la-reyne","status":"publish","type":"product","link":"https:\/\/www.vinquotidien.com\/fr\/produit\/le-prestige-cahors-chateau-la-reyne\/","title":{"rendered":"Le Prestige 2023 &#8211; Cahors &#8211; Ch\u00e2teau La Reyne"},"content":{"rendered":"<p><strong>Vigneron : <\/strong><br \/>\nCh\u00e2teau La Reyne<\/p>\n<p><strong>Appellation : <\/strong><br \/>\nCahors<\/p>\n<p><strong>R\u00e9gion :<\/strong><br \/>\nSud-Ouest<\/p>\n<p><strong>R\u00e9compenses :<\/strong><\/p>\n<p><strong>Et le vin : <\/strong><br \/>\nC\u00e9page : 100 % Malbec, aussi appel\u00e9 \u00abCot noir\u00bb, son nom local est l\u2019\u00abAuxerrois\u00bb.<br \/>\nTerroir : Sur la commune du Puy-l&rsquo;Ev\u00eaque, village embl\u00e9matique de la Vall\u00e9e du Lot, une s\u00e9lection de raisins issus des terroirs situ\u00e9s sur les 2\u00e8mes et 3\u00e8mes terrasses<br \/>\ndu Lot, principalement argilo-calcaire. Ainsi qu\u2019une petite partie des c\u00f4nes d\u2019\u00e9boulis<br \/>\ncalcaires et versant calcaire.<br \/>\nEn Agriculture Biologique certifi\u00e9 depuis 2023.<br \/>\nVendange \u00e9rafl\u00e9e, cuvaison en cuve ciment allant de 3 \u00e0 4 semaines avec des extractions douces par remontage. Maitrise des temp\u00e9ratures durant la fermentation.<br \/>\n\u00c9levage de 22 mois en f\u00fbt de ch\u00eane de 225 litres de 2 ou 3 vins.<\/p>\n<p><strong>Et dans le verre :<\/strong><br \/>\nRobe pourpre intense. Nez floral et fruit\u00e9 avec de l\u00e9g\u00e8res notes \u00e9pic\u00e9es.<br \/>\nBouche fraiche aux tanins fins refl\u00e9tant la belle maturit\u00e9 du raisin.<br \/>\nFinale marqu\u00e9e par la longueur et l\u2019intensit\u00e9 du fruit.<\/p>\n<p><strong>Accords Mets &amp; Vins : <\/strong><br \/>\nAvec un Magret de canard ou encore mieux : un Cassoulet traditionnel<\/p>\n","protected":false},"excerpt":{"rendered":"<p><strong>Vigneron : <\/strong><br \/>\nCh\u00e2teau La Reyne<\/p>\n<p><strong>Appellation : <\/strong><br \/>\nCahors<\/p>\n<p><strong>R\u00e9gion :<\/strong><br \/>\nSud-Ouest<\/p>\n<p><strong>R\u00e9compenses :<\/strong><\/p>\n","protected":false},"featured_media":8339,"comment_status":"open","ping_status":"closed","template":"","meta":[],"product_brand":[],"product_cat":[22,25],"product_tag":[],"class_list":{"0":"post-8338","1":"product","2":"type-product","3":"status-publish","4":"has-post-thumbnail","6":"product_cat-nouveautes","7":"product_cat-vin-rouge","9":"first","10":"instock","11":"taxable","12":"shipping-taxable","13":"purchasable","14":"product-type-simple"},"group_of_quantity":6,"min_quantity":0,"max_quantity":"","exclude_order_quantity_value_rules":"no","exclude_category_quantity_rules":"no","combine_variations":"no","_links":{"self":[{"href":"https:\/\/www.vinquotidien.com\/fr\/wp-json\/wp\/v2\/product\/8338","targetHints":{"allow":["GET"]}}],"collection":[{"href":"https:\/\/www.vinquotidien.com\/fr\/wp-json\/wp\/v2\/product"}],"about":[{"href":"https:\/\/www.vinquotidien.com\/fr\/wp-json\/wp\/v2\/types\/product"}],"replies":[{"embeddable":true,"href":"https:\/\/www.vinquotidien.com\/fr\/wp-json\/wp\/v2\/comments?post=8338"}],"wp:featuredmedia":[{"embeddable":true,"href":"https:\/\/www.vinquotidien.com\/fr\/wp-json\/wp\/v2\/media\/8339"}],"wp:attachment":[{"href":"https:\/\/www.vinquotidien.com\/fr\/wp-json\/wp\/v2\/media?parent=8338"}],"wp:term":[{"taxonomy":"product_brand","embeddable":true,"href":"https:\/\/www.vinquotidien.com\/fr\/wp-json\/wp\/v2\/product_brand?post=8338"},{"taxonomy":"product_cat","embeddable":true,"href":"https:\/\/www.vinquotidien.com\/fr\/wp-json\/wp\/v2\/product_cat?post=8338"},{"taxonomy":"product_tag","embeddable":true,"href":"https:\/\/www.vinquotidien.com\/fr\/wp-json\/wp\/v2\/product_tag?post=8338"}],"curies":[{"name":"wp","href":"https:\/\/api.w.org\/{rel}","templated":true}]}}