{"id":8354,"date":"2026-03-10T19:15:13","date_gmt":"2026-03-10T18:15:13","guid":{"rendered":"https:\/\/www.vinquotidien.com\/?post_type=product&#038;p=8354"},"modified":"2026-03-10T19:15:13","modified_gmt":"2026-03-10T18:15:13","slug":"cremant-dalsace-brut-domaine-wehrle","status":"publish","type":"product","link":"https:\/\/www.vinquotidien.com\/fr\/produit\/cremant-dalsace-brut-domaine-wehrle\/","title":{"rendered":"Cr\u00e9mant d\u2019Alsace Brut &#8211; Domaine Wehrl\u00e9"},"content":{"rendered":"<p><strong>Vigneron : <\/strong><br \/>\nDomaine Wehrl\u00e9<\/p>\n<p><strong>Appellation : <\/strong><br \/>\nAlsace<\/p>\n<p><strong>R\u00e9gion :<\/strong><br \/>\nAlsace<\/p>\n<p><strong>R\u00e9compenses :<\/strong><\/p>\n<p><strong>Et le vin : <\/strong><br \/>\nC\u00e9pages : 50% Auxerrois, 40% Pinot Noir, 10% Pinot Blanc, 10% Chardonnay sur des sols typiquement Alsaciens.<br \/>\nLa cuv\u00e9e est produite selon la m\u00e9thode traditionnelle :<br \/>\nPremi\u00e8re fermentation des vins de base (tranquilles) et assemblage des c\u00e9pages pour \u00e9quilibrer fruit, acidit\u00e9 et structure.<br \/>\nTirage et ajout de levures pour la seconde fermentation en bouteille suivi d\u2019un \u00e9levage sur lies pendant une p\u00e9riode prolong\u00e9e avec remuage et d\u00e9gorgement avant la mise en bouteille.<\/p>\n<p><strong>Et dans le verre :<\/strong><br \/>\nRobe jaune p\u00e2le, effervescence fine et persistante.<br \/>\nNez frais et d\u00e9licats de pomme, poire, agrumes avec des notes florales et brioch\u00e9e.<br \/>\nBouche vive et \u00e9quilibr\u00e9e avec une acidit\u00e9 rafra\u00eechissante. La sensation de fra\u00eecheur domine, soutenue par une min\u00e9ralit\u00e9 subtile et une finale nette.<\/p>\n<p><strong>Accords Mets &amp; Vins : <\/strong><br \/>\nPour un ap\u00e9ritif, avec fruits de mer et crustac\u00e9s.<\/p>\n","protected":false},"excerpt":{"rendered":"<p><strong>Vigneron : <\/strong><br \/>\nDomaine Wehrl\u00e9<\/p>\n<p><strong>Appellation : <\/strong><br \/>\nAlsace<\/p>\n<p><strong>R\u00e9gion :<\/strong><br \/>\nAlsace<\/p>\n<p><strong>R\u00e9compenses :<\/strong><\/p>\n","protected":false},"featured_media":8355,"comment_status":"open","ping_status":"closed","template":"","meta":[],"product_brand":[],"product_cat":[22,28],"product_tag":[],"class_list":{"0":"post-8354","1":"product","2":"type-product","3":"status-publish","4":"has-post-thumbnail","6":"product_cat-nouveautes","7":"product_cat-bulles","9":"first","10":"instock","11":"taxable","12":"shipping-taxable","13":"purchasable","14":"product-type-simple"},"group_of_quantity":6,"min_quantity":0,"max_quantity":"","exclude_order_quantity_value_rules":"no","exclude_category_quantity_rules":"no","combine_variations":"no","_links":{"self":[{"href":"https:\/\/www.vinquotidien.com\/fr\/wp-json\/wp\/v2\/product\/8354","targetHints":{"allow":["GET"]}}],"collection":[{"href":"https:\/\/www.vinquotidien.com\/fr\/wp-json\/wp\/v2\/product"}],"about":[{"href":"https:\/\/www.vinquotidien.com\/fr\/wp-json\/wp\/v2\/types\/product"}],"replies":[{"embeddable":true,"href":"https:\/\/www.vinquotidien.com\/fr\/wp-json\/wp\/v2\/comments?post=8354"}],"wp:featuredmedia":[{"embeddable":true,"href":"https:\/\/www.vinquotidien.com\/fr\/wp-json\/wp\/v2\/media\/8355"}],"wp:attachment":[{"href":"https:\/\/www.vinquotidien.com\/fr\/wp-json\/wp\/v2\/media?parent=8354"}],"wp:term":[{"taxonomy":"product_brand","embeddable":true,"href":"https:\/\/www.vinquotidien.com\/fr\/wp-json\/wp\/v2\/product_brand?post=8354"},{"taxonomy":"product_cat","embeddable":true,"href":"https:\/\/www.vinquotidien.com\/fr\/wp-json\/wp\/v2\/product_cat?post=8354"},{"taxonomy":"product_tag","embeddable":true,"href":"https:\/\/www.vinquotidien.com\/fr\/wp-json\/wp\/v2\/product_tag?post=8354"}],"curies":[{"name":"wp","href":"https:\/\/api.w.org\/{rel}","templated":true}]}}