{"id":8368,"date":"2026-03-10T19:22:55","date_gmt":"2026-03-10T18:22:55","guid":{"rendered":"https:\/\/www.vinquotidien.com\/?post_type=product&#038;p=8368"},"modified":"2026-03-10T19:22:55","modified_gmt":"2026-03-10T18:22:55","slug":"pinot-gris-harmonie-2024-domaine-wehrle","status":"publish","type":"product","link":"https:\/\/www.vinquotidien.com\/fr\/produit\/pinot-gris-harmonie-2024-domaine-wehrle\/","title":{"rendered":"Pinot Gris \u00ab Harmonie \u00bb 2024 &#8211; Domaine Wehrl\u00e9"},"content":{"rendered":"<p><strong>Vigneron : <\/strong><br \/>\nDomaine Wehrl\u00e9<\/p>\n<p><strong>Appellation : <\/strong><br \/>\nAlsace<\/p>\n<p><strong>R\u00e9gion :<\/strong><br \/>\nAlsace<\/p>\n<p><strong>R\u00e9compenses :<\/strong><\/p>\n<p><strong>Et le vin : <\/strong><br \/>\nC\u00e9page : 100 % Pinot Gris, rassemblant plusieurs parcelles avec un assemblage complexe de plusieurs terroirs. La plus grande parcelle situ\u00e9e au Bodenacker est sur un sol marno-calcaire parsem\u00e9 d\u2019\u00e9boulis gr\u00e9seux, au Stich un terroir plus caillouteux et drainant (sablonneux) et le Hertaecker (les terres dures), une assise argileuse avec des gr\u00e8s.<br \/>\nVendanges manuelles, s\u00e9lection des grappes rigoureuse. Pressurage doux, d\u00e9bourbage suivi d\u2019une fermentation r\u00e9alis\u00e9e \u00e0 temp\u00e9rature contr\u00f4l\u00e9e, g\u00e9n\u00e9ralement autour de 18\u201320\u202f\u00b0C.<br \/>\nUtilisation de levures indig\u00e8nes et \u00e9levage sur lies fines durant 6 mois en cuve thermo-r\u00e9gul\u00e9e avec b\u00e2tonnage l\u00e9ger.<\/p>\n<p><strong>Et dans le verre :<\/strong><br \/>\nRobe jaune paille. Nez expressif et complexe de fruit jaunes et blancs (poire, mirabelle), de touches vanill\u00e9es et de fines notes fum\u00e9e.<br \/>\nBouche riche, presque opulente mais sans lourdeur, avec une acidit\u00e9 bien int\u00e9gr\u00e9e et une mati\u00e8re ample. Finale longue, persistante, subtilement fruit\u00e9e et \u00e9pic\u00e9e, avec un rappel min\u00e9ral discret qui apporte profondeur et \u00e9l\u00e9gance.<\/p>\n<p><strong>Accords Mets &amp; Vins : <\/strong><br \/>\nViandes blanches, buffets froids, salades gourmandes.<\/p>\n","protected":false},"excerpt":{"rendered":"<p><strong>Vigneron : <\/strong><br \/>\nDomaine Wehrl\u00e9<\/p>\n<p><strong>Appellation : <\/strong><br \/>\nAlsace<\/p>\n<p><strong>R\u00e9gion :<\/strong><br \/>\nAlsace<\/p>\n<p><strong>R\u00e9compenses :<\/strong><\/p>\n","protected":false},"featured_media":8361,"comment_status":"open","ping_status":"closed","template":"","meta":[],"product_brand":[],"product_cat":[22,26],"product_tag":[],"class_list":{"0":"post-8368","1":"product","2":"type-product","3":"status-publish","4":"has-post-thumbnail","6":"product_cat-nouveautes","7":"product_cat-vin-blanc","9":"first","10":"instock","11":"taxable","12":"shipping-taxable","13":"purchasable","14":"product-type-simple"},"group_of_quantity":7,"min_quantity":0,"max_quantity":"","exclude_order_quantity_value_rules":"no","exclude_category_quantity_rules":"no","combine_variations":"no","_links":{"self":[{"href":"https:\/\/www.vinquotidien.com\/fr\/wp-json\/wp\/v2\/product\/8368","targetHints":{"allow":["GET"]}}],"collection":[{"href":"https:\/\/www.vinquotidien.com\/fr\/wp-json\/wp\/v2\/product"}],"about":[{"href":"https:\/\/www.vinquotidien.com\/fr\/wp-json\/wp\/v2\/types\/product"}],"replies":[{"embeddable":true,"href":"https:\/\/www.vinquotidien.com\/fr\/wp-json\/wp\/v2\/comments?post=8368"}],"wp:featuredmedia":[{"embeddable":true,"href":"https:\/\/www.vinquotidien.com\/fr\/wp-json\/wp\/v2\/media\/8361"}],"wp:attachment":[{"href":"https:\/\/www.vinquotidien.com\/fr\/wp-json\/wp\/v2\/media?parent=8368"}],"wp:term":[{"taxonomy":"product_brand","embeddable":true,"href":"https:\/\/www.vinquotidien.com\/fr\/wp-json\/wp\/v2\/product_brand?post=8368"},{"taxonomy":"product_cat","embeddable":true,"href":"https:\/\/www.vinquotidien.com\/fr\/wp-json\/wp\/v2\/product_cat?post=8368"},{"taxonomy":"product_tag","embeddable":true,"href":"https:\/\/www.vinquotidien.com\/fr\/wp-json\/wp\/v2\/product_tag?post=8368"}],"curies":[{"name":"wp","href":"https:\/\/api.w.org\/{rel}","templated":true}]}}