{"id":8370,"date":"2026-03-10T19:26:43","date_gmt":"2026-03-10T18:26:43","guid":{"rendered":"https:\/\/www.vinquotidien.com\/?post_type=product&#038;p=8370"},"modified":"2026-03-10T19:26:43","modified_gmt":"2026-03-10T18:26:43","slug":"riesling-mineral-2024-domaine-wehrle","status":"publish","type":"product","link":"https:\/\/www.vinquotidien.com\/fr\/produit\/riesling-mineral-2024-domaine-wehrle\/","title":{"rendered":"Riesling \u00ab Min\u00e9ral \u00bb 2024 &#8211; Domaine Wehrl\u00e9"},"content":{"rendered":"<p><strong>Vigneron : <\/strong><br \/>\nDomaine Wehrl\u00e9<\/p>\n<p><strong>Appellation : <\/strong><br \/>\nAlsace<\/p>\n<p><strong>R\u00e9gion :<\/strong><br \/>\nAlsace<\/p>\n<p><strong>R\u00e9compenses :<\/strong><\/p>\n<p><strong>Et le vin : <\/strong><br \/>\nC\u00e9page : 100 % Riesling sur trois parcelles tr\u00e8s bien expos\u00e9es Est et Sud-Est sur les lieux-dits Stich, Hartaecker et Langrot autour de Mittelbergheim sur des sols associent argile, calcaire et parfois d\u00e9p\u00f4ts kimm\u00e9ridgiens, un terreau qui favorise une min\u00e9ralit\u00e9 salivante et une nervosit\u00e9 typique des Rieslings secs.<br \/>\nVendanges manuelles, souvent par petites parcelles suivi d\u2019un tri rigoureux.<br \/>\nPressurage doux, d\u00e9bourbage et clarification avant fermentation contr\u00f4l\u00e9e \u00e0 basse temp\u00e9rature. Utilisation de levures indig\u00e8nes, \u00e9levage de 8 mois en foudre.<\/p>\n<p><strong>Et dans le verre :<\/strong><br \/>\nRobe jaune p\u00e2le, brillante et limpide. Nez \u00e0 la fra\u00eecheur imm\u00e9diate.<br \/>\nAr\u00f4mes d\u2019agrumes (citron, citron vert), pomme verte, pierre \u00e0 fusil et silex humide rappelant le terroir argilo-calcaire.<br \/>\nBouche franche et droite, vive et salivante.<\/p>\n<p><strong>Accords Mets &amp; Vins : <\/strong><br \/>\nCapable de sublimer poissons, fruits de mer et plats asiatiques d\u00e9licatement \u00e9pic\u00e9s.<\/p>\n","protected":false},"excerpt":{"rendered":"<p><strong>Vigneron : <\/strong><br \/>\nDomaine Wehrl\u00e9<\/p>\n<p><strong>Appellation : <\/strong><br \/>\nAlsace<\/p>\n<p><strong>R\u00e9gion :<\/strong><br \/>\nAlsace<\/p>\n<p><strong>R\u00e9compenses :<\/strong><\/p>\n","protected":false},"featured_media":8365,"comment_status":"open","ping_status":"closed","template":"","meta":[],"product_brand":[],"product_cat":[22,26],"product_tag":[],"class_list":{"0":"post-8370","1":"product","2":"type-product","3":"status-publish","4":"has-post-thumbnail","6":"product_cat-nouveautes","7":"product_cat-vin-blanc","9":"first","10":"instock","11":"taxable","12":"shipping-taxable","13":"purchasable","14":"product-type-simple"},"group_of_quantity":6,"min_quantity":0,"max_quantity":"","exclude_order_quantity_value_rules":"no","exclude_category_quantity_rules":"no","combine_variations":"no","_links":{"self":[{"href":"https:\/\/www.vinquotidien.com\/fr\/wp-json\/wp\/v2\/product\/8370","targetHints":{"allow":["GET"]}}],"collection":[{"href":"https:\/\/www.vinquotidien.com\/fr\/wp-json\/wp\/v2\/product"}],"about":[{"href":"https:\/\/www.vinquotidien.com\/fr\/wp-json\/wp\/v2\/types\/product"}],"replies":[{"embeddable":true,"href":"https:\/\/www.vinquotidien.com\/fr\/wp-json\/wp\/v2\/comments?post=8370"}],"wp:featuredmedia":[{"embeddable":true,"href":"https:\/\/www.vinquotidien.com\/fr\/wp-json\/wp\/v2\/media\/8365"}],"wp:attachment":[{"href":"https:\/\/www.vinquotidien.com\/fr\/wp-json\/wp\/v2\/media?parent=8370"}],"wp:term":[{"taxonomy":"product_brand","embeddable":true,"href":"https:\/\/www.vinquotidien.com\/fr\/wp-json\/wp\/v2\/product_brand?post=8370"},{"taxonomy":"product_cat","embeddable":true,"href":"https:\/\/www.vinquotidien.com\/fr\/wp-json\/wp\/v2\/product_cat?post=8370"},{"taxonomy":"product_tag","embeddable":true,"href":"https:\/\/www.vinquotidien.com\/fr\/wp-json\/wp\/v2\/product_tag?post=8370"}],"curies":[{"name":"wp","href":"https:\/\/api.w.org\/{rel}","templated":true}]}}