{"id":8372,"date":"2026-03-10T19:30:29","date_gmt":"2026-03-10T18:30:29","guid":{"rendered":"https:\/\/www.vinquotidien.com\/?post_type=product&#038;p=8372"},"modified":"2026-03-10T19:30:29","modified_gmt":"2026-03-10T18:30:29","slug":"pinot-noir-plaisir-2024-domaine-wehrle","status":"publish","type":"product","link":"https:\/\/www.vinquotidien.com\/fr\/produit\/pinot-noir-plaisir-2024-domaine-wehrle\/","title":{"rendered":"Pinot Noir \u00ab Plaisir \u00bb 2024 &#8211; Domaine Wehrl\u00e9"},"content":{"rendered":"<p><strong>Vigneron : <\/strong><br \/>\nDomaine Wehrl\u00e9<\/p>\n<p><strong>Appellation : <\/strong><br \/>\nAlsace<\/p>\n<p><strong>R\u00e9gion :<\/strong><br \/>\nAlsace<\/p>\n<p><strong>R\u00e9compenses :<\/strong><\/p>\n<p><strong>Et le vin : <\/strong><br \/>\nC\u00e9page : 100 % Pinot Noir provenant de 3 parcelles (Bodenacker, Waedele et Gasse) situ\u00e9es sur des coteaux argilo-calcaires et gr\u00e9seux. Exposition sud sud-est sur des coteaux mod\u00e9r\u00e9ment inclin\u00e9s.<br \/>\nVendanges manuelles \u00e0 maturit\u00e9 optimale pour pr\u00e9server fruit et acidit\u00e9.<br \/>\n\u00c9grappage partiel ou total et mac\u00e9ration courte \u00e0 mod\u00e9r\u00e9e et fermentation \u00e0 temp\u00e9rature ma\u00eetris\u00e9e avant \u00e9levage en cuve inox.<\/p>\n<p><strong>Et dans le verre :<\/strong><br \/>\nRobe grenat l\u00e9ger.<br \/>\nBouquet de petits fruits rouges bien m\u00fbrs, framboise et cerise et des notes de sous-bois. Bouche caressante, structur\u00e9 par une fine acidit\u00e9 et enrob\u00e9 par des tanins souples et enveloppants. Finale gourmande et fruit\u00e9e.<\/p>\n<p><strong>Accords Mets &amp; Vins : <\/strong><br \/>\nAvec de la charcuterie, des viandes blanches et bien s\u00fbr les fromages.<\/p>\n","protected":false},"excerpt":{"rendered":"<p><strong>Vigneron : <\/strong><br \/>\nDomaine Wehrl\u00e9<\/p>\n<p><strong>Appellation : <\/strong><br \/>\nAlsace<\/p>\n<p><strong>R\u00e9gion :<\/strong><br \/>\nAlsace<\/p>\n<p><strong>R\u00e9compenses :<\/strong><\/p>\n","protected":false},"featured_media":8363,"comment_status":"open","ping_status":"closed","template":"","meta":[],"product_brand":[],"product_cat":[22,25],"product_tag":[],"class_list":{"0":"post-8372","1":"product","2":"type-product","3":"status-publish","4":"has-post-thumbnail","6":"product_cat-nouveautes","7":"product_cat-vin-rouge","9":"first","10":"instock","11":"taxable","12":"shipping-taxable","13":"purchasable","14":"product-type-simple"},"group_of_quantity":6,"min_quantity":0,"max_quantity":"","exclude_order_quantity_value_rules":"no","exclude_category_quantity_rules":"no","combine_variations":"no","_links":{"self":[{"href":"https:\/\/www.vinquotidien.com\/fr\/wp-json\/wp\/v2\/product\/8372","targetHints":{"allow":["GET"]}}],"collection":[{"href":"https:\/\/www.vinquotidien.com\/fr\/wp-json\/wp\/v2\/product"}],"about":[{"href":"https:\/\/www.vinquotidien.com\/fr\/wp-json\/wp\/v2\/types\/product"}],"replies":[{"embeddable":true,"href":"https:\/\/www.vinquotidien.com\/fr\/wp-json\/wp\/v2\/comments?post=8372"}],"wp:featuredmedia":[{"embeddable":true,"href":"https:\/\/www.vinquotidien.com\/fr\/wp-json\/wp\/v2\/media\/8363"}],"wp:attachment":[{"href":"https:\/\/www.vinquotidien.com\/fr\/wp-json\/wp\/v2\/media?parent=8372"}],"wp:term":[{"taxonomy":"product_brand","embeddable":true,"href":"https:\/\/www.vinquotidien.com\/fr\/wp-json\/wp\/v2\/product_brand?post=8372"},{"taxonomy":"product_cat","embeddable":true,"href":"https:\/\/www.vinquotidien.com\/fr\/wp-json\/wp\/v2\/product_cat?post=8372"},{"taxonomy":"product_tag","embeddable":true,"href":"https:\/\/www.vinquotidien.com\/fr\/wp-json\/wp\/v2\/product_tag?post=8372"}],"curies":[{"name":"wp","href":"https:\/\/api.w.org\/{rel}","templated":true}]}}