{"id":8374,"date":"2026-03-11T09:33:37","date_gmt":"2026-03-11T08:33:37","guid":{"rendered":"https:\/\/www.vinquotidien.com\/?post_type=product&#038;p=8374"},"modified":"2026-03-11T09:33:37","modified_gmt":"2026-03-11T08:33:37","slug":"champagne-moutardier-brut-millesime-2013","status":"publish","type":"product","link":"https:\/\/www.vinquotidien.com\/fr\/produit\/champagne-moutardier-brut-millesime-2013\/","title":{"rendered":"Champagne Moutardier \u2013 Brut Mill\u00e9sime 2013"},"content":{"rendered":"<p><strong>Vigneron :<\/strong><br \/>\nMoutardier<\/p>\n<p><strong>Appellation :<\/strong><br \/>\nChampagne<\/p>\n<p><strong>R\u00e9gion :<\/strong><br \/>\nChampagne<\/p>\n<p><strong>R\u00e9compenses :<\/strong><\/p>\n<p><strong>Et le vin : <\/strong><br \/>\nC\u00e9pages : 80% de Pinot Meunier et 20% de Chardonnay.<br \/>\nLes 18 ha de vignes \u00e0 Le Breuil et Baulne en Brie, dans la vall\u00e9e du Surmelin, sont plant\u00e9s sur des sols argilo-calcaires, l\u00e9g\u00e8rement plus crayeux qu\u2019ailleurs en Champagne.<br \/>\nVinification : Elaboration traditionnelle selon la m\u00e9thode champenoise.<br \/>\nFermentation en cuves inox pour pr\u00e9server la puret\u00e9 du fruit et la typicit\u00e9 du terroir argileux.<br \/>\nVieillissement prolong\u00e9 sur lies.<br \/>\nDosage : 5,6 g\/l<\/p>\n<p><strong>Et dans le verre :<\/strong><br \/>\nRobe or p\u00e2le aux reflets paille.<br \/>\nBulles vives, fines et persistantes.<br \/>\nNez \u00e9l\u00e9gant et gourmand de fruits compot\u00e9s (p\u00eache, coing) et des notes iod\u00e9es.<br \/>\n\u00c0 l&rsquo;a\u00e9ration, des touches de fruits vari\u00e9s (prune, fruits rouges, exotiques) et une dominante florale de rose blanche.<br \/>\nBouche fra\u00eeche et cr\u00e9meuse \u00e9quilibr\u00e9e par une acidit\u00e9 de pomelo et une min\u00e9ralit\u00e9 sablo-calcaire puissante.<br \/>\nFinale longue, concentr\u00e9e et persistante.<\/p>\n<p><strong>Accords Mets &amp; Vins : <\/strong><br \/>\nCe mill\u00e9sime s&rsquo;accordera parfaitement avec des poissons nobles tel que le turbot ou la lotte.<\/p>\n","protected":false},"excerpt":{"rendered":"<p><strong>Vigneron :<\/strong><br \/>\nMoutardier<\/p>\n<p><strong>Appellation :<\/strong><br \/>\nChampagne<\/p>\n<p><strong>R\u00e9gion :<\/strong><br \/>\nChampagne<\/p>\n<p><strong>R\u00e9compenses :<\/strong><\/p>\n","protected":false},"featured_media":8375,"comment_status":"open","ping_status":"closed","template":"","meta":[],"product_brand":[],"product_cat":[90,22,28],"product_tag":[],"class_list":{"0":"post-8374","1":"product","2":"type-product","3":"status-publish","4":"has-post-thumbnail","6":"product_cat-vip-corner","7":"product_cat-nouveautes","8":"product_cat-bulles","10":"first","11":"instock","12":"taxable","13":"shipping-taxable","14":"purchasable","15":"product-type-simple"},"group_of_quantity":6,"min_quantity":0,"max_quantity":"","exclude_order_quantity_value_rules":"no","exclude_category_quantity_rules":"no","combine_variations":"no","_links":{"self":[{"href":"https:\/\/www.vinquotidien.com\/fr\/wp-json\/wp\/v2\/product\/8374","targetHints":{"allow":["GET"]}}],"collection":[{"href":"https:\/\/www.vinquotidien.com\/fr\/wp-json\/wp\/v2\/product"}],"about":[{"href":"https:\/\/www.vinquotidien.com\/fr\/wp-json\/wp\/v2\/types\/product"}],"replies":[{"embeddable":true,"href":"https:\/\/www.vinquotidien.com\/fr\/wp-json\/wp\/v2\/comments?post=8374"}],"wp:featuredmedia":[{"embeddable":true,"href":"https:\/\/www.vinquotidien.com\/fr\/wp-json\/wp\/v2\/media\/8375"}],"wp:attachment":[{"href":"https:\/\/www.vinquotidien.com\/fr\/wp-json\/wp\/v2\/media?parent=8374"}],"wp:term":[{"taxonomy":"product_brand","embeddable":true,"href":"https:\/\/www.vinquotidien.com\/fr\/wp-json\/wp\/v2\/product_brand?post=8374"},{"taxonomy":"product_cat","embeddable":true,"href":"https:\/\/www.vinquotidien.com\/fr\/wp-json\/wp\/v2\/product_cat?post=8374"},{"taxonomy":"product_tag","embeddable":true,"href":"https:\/\/www.vinquotidien.com\/fr\/wp-json\/wp\/v2\/product_tag?post=8374"}],"curies":[{"name":"wp","href":"https:\/\/api.w.org\/{rel}","templated":true}]}}