{"id":2035,"date":"2020-04-21T15:09:37","date_gmt":"2020-04-21T13:09:37","guid":{"rendered":"http:\/\/www.vinquotidien.com\/produit\/petit-chablis-eleonor-moreau-2-nl\/"},"modified":"2025-06-25T11:50:02","modified_gmt":"2025-06-25T09:50:02","slug":"petit-chablis-eleonor-moreau-2-nl","status":"publish","type":"product","link":"https:\/\/www.vinquotidien.com\/nl\/produit\/petit-chablis-eleonor-moreau-2-nl\/","title":{"rendered":"Petit Chablis 2022 &#8211; Domaine El\u00e9onore Moreau &#8211; Domaine des P\u00e9r\u00e9grins"},"content":{"rendered":"<p><strong>Wijndomein : <\/strong><br \/>\nDomaine Moreau et Fille &#8211; Domaine des P\u00e9r\u00e9grins<\/p>\n<p><strong>Appellatie : <\/strong><br \/>\nPetit Chablis<\/p>\n<p><strong>Regio : <\/strong><br \/>\nBourgogne<\/p>\n<p><strong>En de wijn\u2026<\/strong><br \/>\nDruivensoorten: 100% Chardonnay<br \/>\nKalksteenbodems op Portlandian. De wijngaard ligt op het noorden en is relatief vlak, maar geniet daarom nog steeds van de goede zon<br \/>\nMechanische oogst, 100% alcoholische en malolactische gisting Veroudering in thermisch geregelde roestvrijstalen vaten<br \/>\nRijptijd op droesem van 10 maanden. Bottelen begin december<\/p>\n<p><strong>En in het glas\u2026<\/strong><br \/>\nSmakelijk diepgeel kleed<br \/>\nFruitige en volle neus van wit en geel fruit. We vinden op de neus de mineraliteit die zo representatief is voor de mond<br \/>\nDeze mineraliteit komt tot uiting in zeer rijp fruit, met exotische en frisse tonen<\/p>\n<p><strong>Food &amp; Wine pairing : <\/strong><br \/>\nZeer populair als aperitief, bij zakouskis of oesters<br \/>\nHet wekt de smaakpapillen en opent de eetlust<\/p>\n","protected":false},"excerpt":{"rendered":"<p><strong>Wijndomein : <\/strong><br \/>\nDomaine Moreau et Fille<\/p>\n<p><strong>Appellatie : <\/strong><br \/>\nPetit Chablis<\/p>\n<p><strong>Regio : <\/strong><br \/>\nBourgogne<\/p>\n","protected":false},"featured_media":7974,"comment_status":"open","ping_status":"closed","template":"","meta":[],"product_brand":[],"product_cat":[63],"product_tag":[],"class_list":{"0":"post-2035","1":"product","2":"type-product","3":"status-publish","4":"has-post-thumbnail","6":"product_cat-witte-wijn-nl","8":"first","9":"instock","10":"taxable","11":"shipping-taxable","12":"purchasable","13":"product-type-simple"},"group_of_quantity":6,"min_quantity":0,"max_quantity":"","exclude_order_quantity_value_rules":"no","exclude_category_quantity_rules":"no","combine_variations":"no","_links":{"self":[{"href":"https:\/\/www.vinquotidien.com\/nl\/wp-json\/wp\/v2\/product\/2035","targetHints":{"allow":["GET"]}}],"collection":[{"href":"https:\/\/www.vinquotidien.com\/nl\/wp-json\/wp\/v2\/product"}],"about":[{"href":"https:\/\/www.vinquotidien.com\/nl\/wp-json\/wp\/v2\/types\/product"}],"replies":[{"embeddable":true,"href":"https:\/\/www.vinquotidien.com\/nl\/wp-json\/wp\/v2\/comments?post=2035"}],"wp:featuredmedia":[{"embeddable":true,"href":"https:\/\/www.vinquotidien.com\/nl\/wp-json\/wp\/v2\/media\/7974"}],"wp:attachment":[{"href":"https:\/\/www.vinquotidien.com\/nl\/wp-json\/wp\/v2\/media?parent=2035"}],"wp:term":[{"taxonomy":"product_brand","embeddable":true,"href":"https:\/\/www.vinquotidien.com\/nl\/wp-json\/wp\/v2\/product_brand?post=2035"},{"taxonomy":"product_cat","embeddable":true,"href":"https:\/\/www.vinquotidien.com\/nl\/wp-json\/wp\/v2\/product_cat?post=2035"},{"taxonomy":"product_tag","embeddable":true,"href":"https:\/\/www.vinquotidien.com\/nl\/wp-json\/wp\/v2\/product_tag?post=2035"}],"curies":[{"name":"wp","href":"https:\/\/api.w.org\/{rel}","templated":true}]}}