{"id":2048,"date":"2020-04-21T15:12:27","date_gmt":"2020-04-21T13:12:27","guid":{"rendered":"http:\/\/www.vinquotidien.com\/produit\/syrah-ame-sur-2-nl\/"},"modified":"2025-07-01T10:09:54","modified_gmt":"2025-07-01T08:09:54","slug":"syrah-ame-sur-2-nl","status":"publish","type":"product","link":"https:\/\/www.vinquotidien.com\/nl\/produit\/syrah-ame-sur-2-nl\/","title":{"rendered":"L&#8217;\u00c2me S\u0153ur 2022 &#8211; Syrah de Seyssuel &#8211; Domaine St\u00e9phane Ogier"},"content":{"rendered":"<p><strong>Onder toewijzing, neem contact op\u00a0!<\/strong><\/p>\n<p><strong>Wijndomein : <\/strong><br \/>\nDomaine St\u00e9phane Ogier<\/p>\n<p><strong>Appellatie : <\/strong><br \/>\nVin de Pays des Collines Rhodaniennes<\/p>\n<p><strong>Regio :<\/strong><br \/>\nVall\u00e9e du Rh\u00f4ne Sud<\/p>\n<p><strong>Beloningen :<\/strong><br \/>\nRobert Parker &#8211; The Wine Advocate : 92\/100<\/p>\n<p><strong>En de wijn\u2026<\/strong><br \/>\nDruivensoorten : 96% Syrah en 4% Viognier uit Seyssuel ten noorden van Vienne<br \/>\nSteile terrassen van mica-leisteen op het zuiden gericht. 35 hl \/ ha<br \/>\nEen vergeten terroir in volle gang!<br \/>\nOntstelen en koude maceratie in temperatuurgecontroleerde roestvrijstalen vaten, fermentatie met inheemse gisten<br \/>\n18 maanden rijping in vaten, waarvan 20% nieuw hout<\/p>\n<p><strong>En in het glas\u2026<\/strong><br \/>\nDonkerpaarse kleur, intens en diep<br \/>\nAroma&#8217;s van zwarte bes, violet maar ook zwarte olijven en een vleugje vanille<br \/>\nFijn en elegant, maar ook rijk aan tannines die na verloop van tijd afronden<br \/>\nWat het onderscheidt, is de diepte en het reli\u00ebf dat een zeer goede wijn waardig is<\/p>\n<p><strong>Food &amp; Wine pairing : <\/strong><br \/>\nMet Wagyu beef rib steak, patrijzen of eendenborst met honing<\/p>\n","protected":false},"excerpt":{"rendered":"<p><strong>Onder toewijzing, neem contact op\u00a0!<\/strong><\/p>\n<p><strong>Wijndomein : <\/strong><br \/>\nDomaine St\u00e9phane Ogier<\/p>\n<p><strong>Appellatie : <\/strong><br \/>\nVin de Pays des Collines Rhodaniennes<\/p>\n<p><strong>Regio :<\/strong><br \/>\nVall\u00e9e du Rh\u00f4ne Sud<\/p>\n<p><strong>Beloningen :<\/strong><br \/>\nRobert Parker &#8211; The Wine Advocate : 92\/100<\/p>\n","protected":false},"featured_media":5791,"comment_status":"open","ping_status":"closed","template":"","meta":[],"product_brand":[],"product_cat":[65,96],"product_tag":[],"class_list":{"0":"post-2048","1":"product","2":"type-product","3":"status-publish","4":"has-post-thumbnail","6":"product_cat-rode-wijn-nl","7":"product_cat-vip-corner-nl","9":"first","10":"instock","11":"taxable","12":"shipping-taxable","13":"purchasable","14":"product-type-simple"},"group_of_quantity":1,"min_quantity":0,"max_quantity":"","exclude_order_quantity_value_rules":"no","exclude_category_quantity_rules":"no","combine_variations":"no","_links":{"self":[{"href":"https:\/\/www.vinquotidien.com\/nl\/wp-json\/wp\/v2\/product\/2048","targetHints":{"allow":["GET"]}}],"collection":[{"href":"https:\/\/www.vinquotidien.com\/nl\/wp-json\/wp\/v2\/product"}],"about":[{"href":"https:\/\/www.vinquotidien.com\/nl\/wp-json\/wp\/v2\/types\/product"}],"replies":[{"embeddable":true,"href":"https:\/\/www.vinquotidien.com\/nl\/wp-json\/wp\/v2\/comments?post=2048"}],"wp:featuredmedia":[{"embeddable":true,"href":"https:\/\/www.vinquotidien.com\/nl\/wp-json\/wp\/v2\/media\/5791"}],"wp:attachment":[{"href":"https:\/\/www.vinquotidien.com\/nl\/wp-json\/wp\/v2\/media?parent=2048"}],"wp:term":[{"taxonomy":"product_brand","embeddable":true,"href":"https:\/\/www.vinquotidien.com\/nl\/wp-json\/wp\/v2\/product_brand?post=2048"},{"taxonomy":"product_cat","embeddable":true,"href":"https:\/\/www.vinquotidien.com\/nl\/wp-json\/wp\/v2\/product_cat?post=2048"},{"taxonomy":"product_tag","embeddable":true,"href":"https:\/\/www.vinquotidien.com\/nl\/wp-json\/wp\/v2\/product_tag?post=2048"}],"curies":[{"name":"wp","href":"https:\/\/api.w.org\/{rel}","templated":true}]}}