{"id":2053,"date":"2020-04-21T15:12:26","date_gmt":"2020-04-21T13:12:26","guid":{"rendered":"http:\/\/www.vinquotidien.com\/produit\/rhone-le-temps-est-venu-2-nl\/"},"modified":"2025-10-08T10:33:12","modified_gmt":"2025-10-08T08:33:12","slug":"rhone-le-temps-est-venu-2-nl","status":"publish","type":"product","link":"https:\/\/www.vinquotidien.com\/nl\/produit\/rhone-le-temps-est-venu-2-nl\/","title":{"rendered":"Le Temps Est Venu 2023 &#8211; C\u00f4tes-du-rh\u00f4ne &#8211; Domaine St\u00e9phane Ogier"},"content":{"rendered":"<p><strong>Wijndomein : <\/strong><br \/>\nDomaine St\u00e9phane Ogier<\/p>\n<p><strong>Appellatie : <\/strong><br \/>\nC\u00f4tes-du-rh\u00f4ne<\/p>\n<p><strong>R\u00e9gio :<\/strong><br \/>\nVall\u00e9e du Rh\u00f4ne Sud<\/p>\n<p><strong>Beloningen :<\/strong><br \/>\nRobert Parker &#8211; The Wine Advocate 90\/100<br \/>\nOp de 62ste plaats bij de Wine Spectator Top 100<\/p>\n<p><strong>En de wijn\u2026<\/strong><br \/>\nDruivensoort: 60% Grenache, 35% Syrah, 5% Mourv\u00e8dre<br \/>\nLeeftijd van de wijngaard van 30 tot 50 jaar<br \/>\nTerroirs: Bodem van kalksteenkiezelstenen op blauwe klei<br \/>\nHandmatige oogst. Sorteren op het perceel en sorteertafel bij de ingang van het wijnhuis.<br \/>\nHele oogst in thermisch gereguleerde betonnen kuipen. Inheemse gisten.<br \/>\n10 maanden rijping in betonnen kuipen<\/p>\n<p><strong>En in het glas\u2026<\/strong><br \/>\nMooie robijnrode kleur, helder en helder<br \/>\nNeus met tonen van cassis, zwarte kersen en violet<br \/>\nEvenwichtige en rijke smaak, veel frisheid en persoonlijkheid<br \/>\nKruidige afdronk, licht houtachtig en zeer succesvol<\/p>\n<p><strong>Food &amp; Wine pairing : <\/strong><br \/>\nMet een kip uit Bresse of onze Mechelse koekoek met champignonsaus<\/p>\n","protected":false},"excerpt":{"rendered":"<p><strong>Wijndomein : <\/strong><br \/>\nDomaine St\u00e9phane Ogier<\/p>\n<p><strong>Appellatie : <\/strong><br \/>\nC\u00f4tes-du-rh\u00f4ne<\/p>\n<p><strong>R\u00e9gio :<\/strong><br \/>\nVall\u00e9e du Rh\u00f4ne Sud<\/p>\n<p><strong>Beloningen :<\/strong><br \/>\nRobert Parker &#8211; The Wine Advocate 90\/100<br \/>\nOp de 62ste plaats bij de Wine Spectator Top 100<\/p>\n","protected":false},"featured_media":4997,"comment_status":"open","ping_status":"closed","template":"","meta":[],"product_brand":[],"product_cat":[65],"product_tag":[],"class_list":{"0":"post-2053","1":"product","2":"type-product","3":"status-publish","4":"has-post-thumbnail","6":"product_cat-rode-wijn-nl","8":"first","9":"instock","10":"taxable","11":"shipping-taxable","12":"purchasable","13":"product-type-simple"},"group_of_quantity":6,"min_quantity":0,"max_quantity":"","exclude_order_quantity_value_rules":"no","exclude_category_quantity_rules":"no","combine_variations":"no","_links":{"self":[{"href":"https:\/\/www.vinquotidien.com\/nl\/wp-json\/wp\/v2\/product\/2053","targetHints":{"allow":["GET"]}}],"collection":[{"href":"https:\/\/www.vinquotidien.com\/nl\/wp-json\/wp\/v2\/product"}],"about":[{"href":"https:\/\/www.vinquotidien.com\/nl\/wp-json\/wp\/v2\/types\/product"}],"replies":[{"embeddable":true,"href":"https:\/\/www.vinquotidien.com\/nl\/wp-json\/wp\/v2\/comments?post=2053"}],"wp:featuredmedia":[{"embeddable":true,"href":"https:\/\/www.vinquotidien.com\/nl\/wp-json\/wp\/v2\/media\/4997"}],"wp:attachment":[{"href":"https:\/\/www.vinquotidien.com\/nl\/wp-json\/wp\/v2\/media?parent=2053"}],"wp:term":[{"taxonomy":"product_brand","embeddable":true,"href":"https:\/\/www.vinquotidien.com\/nl\/wp-json\/wp\/v2\/product_brand?post=2053"},{"taxonomy":"product_cat","embeddable":true,"href":"https:\/\/www.vinquotidien.com\/nl\/wp-json\/wp\/v2\/product_cat?post=2053"},{"taxonomy":"product_tag","embeddable":true,"href":"https:\/\/www.vinquotidien.com\/nl\/wp-json\/wp\/v2\/product_tag?post=2053"}],"curies":[{"name":"wp","href":"https:\/\/api.w.org\/{rel}","templated":true}]}}