{"id":4824,"date":"2022-03-16T10:14:14","date_gmt":"2022-03-16T09:14:14","guid":{"rendered":"https:\/\/www.vinquotidien.com\/?post_type=product&#038;p=4824"},"modified":"2025-11-03T11:41:08","modified_gmt":"2025-11-03T10:41:08","slug":"cuvee-des-chamoz-chardonnay","status":"publish","type":"product","link":"https:\/\/www.vinquotidien.com\/nl\/produit\/cuvee-des-chamoz-chardonnay\/","title":{"rendered":"Cuv\u00e9e des Chamoz Chardonnay 2023 &#8211; Domaine Fr\u00e9d\u00e9ric Lornet"},"content":{"rendered":"<p><strong>Wijndomein : <\/strong><br \/>\nDomaine Fr\u00e9d\u00e9ric Lornet<\/p>\n<p><strong>Appellatie : <\/strong><br \/>\nC\u00f4tes du Jura<\/p>\n<p><strong>R\u00e9gio :<\/strong><br \/>\nJura<\/p>\n<p><strong>En de wijn\u2026<\/strong><br \/>\nDruivensoorten : 100% Chardonnay<br \/>\nDe Kimmeridgische bodem is perfect geschikt voor de Chardonnay-druivensoort. Het is dezelfde grondsoort als de Chablis-wijngaard.<br \/>\nDe selectie is die van de Chardonnay-vari\u00ebteit van de gebroeders Rouget, afstammelingen van de ampelograaf Charles Rouget.<br \/>\nNa het beheersen van de fermentatietemperaturen in de vaten, rijpt de wijn een jaar in eikenhouten vaten.<br \/>\n&#8220;Cuv\u00e9e des Chamoz&#8221; is een geregistreerd handelsmerk<\/p>\n<p><strong>En in het glas \u2026<\/strong><br \/>\nStrogele kleur met gouden reflecties<br \/>\nFruitige neus, citrus en witte bloemen<br \/>\nIn de mond is de aanval openhartig en ontwikkelt zich een mooie substantie met behoud van een goed uitgebalanceerde mond.<br \/>\nDe afdronk is lang en fris<\/p>\n<p><strong>Food &amp; Wine pairing :<\/strong><br \/>\nVan het aperitief, met voorgerechten op basis van vis<\/p>\n","protected":false},"excerpt":{"rendered":"<p><strong>Wijndomein : <\/strong><br \/>\nDomaine Fr\u00e9d\u00e9ric Lornet<\/p>\n<p><strong>Appellatie : <\/strong><br \/>\nC\u00f4tes du Jura<\/p>\n<p><strong>R\u00e9gio :<\/strong><br \/>\nJura<\/p>\n","protected":false},"featured_media":8285,"comment_status":"open","ping_status":"closed","template":"","meta":[],"product_brand":[],"product_cat":[63],"product_tag":[],"class_list":{"0":"post-4824","1":"product","2":"type-product","3":"status-publish","4":"has-post-thumbnail","6":"product_cat-witte-wijn-nl","8":"first","9":"instock","10":"taxable","11":"shipping-taxable","12":"purchasable","13":"product-type-simple"},"group_of_quantity":6,"min_quantity":0,"max_quantity":"","exclude_order_quantity_value_rules":"no","exclude_category_quantity_rules":"no","combine_variations":"no","_links":{"self":[{"href":"https:\/\/www.vinquotidien.com\/nl\/wp-json\/wp\/v2\/product\/4824","targetHints":{"allow":["GET"]}}],"collection":[{"href":"https:\/\/www.vinquotidien.com\/nl\/wp-json\/wp\/v2\/product"}],"about":[{"href":"https:\/\/www.vinquotidien.com\/nl\/wp-json\/wp\/v2\/types\/product"}],"replies":[{"embeddable":true,"href":"https:\/\/www.vinquotidien.com\/nl\/wp-json\/wp\/v2\/comments?post=4824"}],"wp:featuredmedia":[{"embeddable":true,"href":"https:\/\/www.vinquotidien.com\/nl\/wp-json\/wp\/v2\/media\/8285"}],"wp:attachment":[{"href":"https:\/\/www.vinquotidien.com\/nl\/wp-json\/wp\/v2\/media?parent=4824"}],"wp:term":[{"taxonomy":"product_brand","embeddable":true,"href":"https:\/\/www.vinquotidien.com\/nl\/wp-json\/wp\/v2\/product_brand?post=4824"},{"taxonomy":"product_cat","embeddable":true,"href":"https:\/\/www.vinquotidien.com\/nl\/wp-json\/wp\/v2\/product_cat?post=4824"},{"taxonomy":"product_tag","embeddable":true,"href":"https:\/\/www.vinquotidien.com\/nl\/wp-json\/wp\/v2\/product_tag?post=4824"}],"curies":[{"name":"wp","href":"https:\/\/api.w.org\/{rel}","templated":true}]}}