{"id":5289,"date":"2022-06-19T14:27:02","date_gmt":"2022-06-19T12:27:02","guid":{"rendered":"https:\/\/www.vinquotidien.com\/?post_type=product&#038;p=5289"},"modified":"2025-03-24T17:27:21","modified_gmt":"2025-03-24T16:27:21","slug":"cremant-de-loire-rose-domaine-derouard","status":"publish","type":"product","link":"https:\/\/www.vinquotidien.com\/nl\/produit\/cremant-de-loire-rose-domaine-derouard\/","title":{"rendered":"L&#8217;El\u00e9gance &#8211; Cr\u00e9mant de Loire ros\u00e9 &#8211; Domaine S\u00e9bastien Fricker"},"content":{"rendered":"<p><strong>Wijndomein :<br \/>\n<\/strong>Domaine S\u00e9bastien Fricker (voorheen Domaine Derouard)<strong><br \/>\n<\/strong><\/p>\n<p><strong>Appellatie : <\/strong><br \/>\nCr\u00e9mant de Loire<\/p>\n<p><strong>Regio :<\/strong><br \/>\nLoire<\/p>\n<p><strong>En de wijn\u2026<\/strong><br \/>\nDruivensoort : Cabernet franc 100%, gemiddelde leeftijd van de wijnstokken 30 jaar en tot 50 jaar voor de oudste<br \/>\nTerroir: Klei-kalksteenbodems<br \/>\nNa een korte maceratie in de pers worden de rode druiven geperst zonder pletten of ontstelen, statisch bezinken bij lage<br \/>\ntemperatuur en vervolgens temperatuurgecontroleerde vinificatie tot een droge wijn is verkregen<br \/>\nDaarna tweede gisting op fles<br \/>\nDe wijn blijft minimaal 12 maanden op latte voordat hij op de markt wordt gebracht<\/p>\n<p><strong>En in het glas\u2026<\/strong><br \/>\nMooie zalmkleur met gouden reflecties<br \/>\nDe neus biedt een zeer grote aromatische rijkdom, we herkennen perfect de aroma&#8217;s van rood fruit van Cabernet Franc<br \/>\nIn de mond zijn de bubbels fijn en aanhoudend. De zeer aanwezige &#8220;romigheid&#8221; brengt de<br \/>\naroma&#8217;s en frisheid van deze zeer elegante cuv\u00e9e<\/p>\n<p><strong>Food &amp; Wine pairing :<\/strong><br \/>\nPerfecte begeleider van aperitieven en desserts met rood fruit<\/p>\n","protected":false},"excerpt":{"rendered":"<p><strong>Wijndomein : <\/strong><br \/>\nDomaine Derouard<\/p>\n<p><strong>Appellatie : <\/strong><br \/>\nCr\u00e9mant de Loire<\/p>\n<p><strong>Regio :<\/strong><br \/>\nLoire<\/p>\n","protected":false},"featured_media":7153,"comment_status":"open","ping_status":"closed","template":"","meta":[],"product_brand":[],"product_cat":[62],"product_tag":[],"class_list":{"0":"post-5289","1":"product","2":"type-product","3":"status-publish","4":"has-post-thumbnail","6":"product_cat-bubbles-nl","8":"first","9":"instock","10":"taxable","11":"shipping-taxable","12":"purchasable","13":"product-type-simple"},"group_of_quantity":6,"min_quantity":0,"max_quantity":"","exclude_order_quantity_value_rules":"no","exclude_category_quantity_rules":"no","combine_variations":"no","_links":{"self":[{"href":"https:\/\/www.vinquotidien.com\/nl\/wp-json\/wp\/v2\/product\/5289","targetHints":{"allow":["GET"]}}],"collection":[{"href":"https:\/\/www.vinquotidien.com\/nl\/wp-json\/wp\/v2\/product"}],"about":[{"href":"https:\/\/www.vinquotidien.com\/nl\/wp-json\/wp\/v2\/types\/product"}],"replies":[{"embeddable":true,"href":"https:\/\/www.vinquotidien.com\/nl\/wp-json\/wp\/v2\/comments?post=5289"}],"wp:featuredmedia":[{"embeddable":true,"href":"https:\/\/www.vinquotidien.com\/nl\/wp-json\/wp\/v2\/media\/7153"}],"wp:attachment":[{"href":"https:\/\/www.vinquotidien.com\/nl\/wp-json\/wp\/v2\/media?parent=5289"}],"wp:term":[{"taxonomy":"product_brand","embeddable":true,"href":"https:\/\/www.vinquotidien.com\/nl\/wp-json\/wp\/v2\/product_brand?post=5289"},{"taxonomy":"product_cat","embeddable":true,"href":"https:\/\/www.vinquotidien.com\/nl\/wp-json\/wp\/v2\/product_cat?post=5289"},{"taxonomy":"product_tag","embeddable":true,"href":"https:\/\/www.vinquotidien.com\/nl\/wp-json\/wp\/v2\/product_tag?post=5289"}],"curies":[{"name":"wp","href":"https:\/\/api.w.org\/{rel}","templated":true}]}}