{"id":5337,"date":"2022-06-28T16:54:10","date_gmt":"2022-06-28T14:54:10","guid":{"rendered":"https:\/\/www.vinquotidien.com\/?post_type=product&#038;p=5337"},"modified":"2026-02-12T11:09:04","modified_gmt":"2026-02-12T10:09:04","slug":"le-temps-est-venu-blanc-2021-cotes-du-rhone-domaine-stephane-ogier","status":"publish","type":"product","link":"https:\/\/www.vinquotidien.com\/nl\/produit\/le-temps-est-venu-blanc-2021-cotes-du-rhone-domaine-stephane-ogier\/","title":{"rendered":"Le Temps Est Venu blanc 2024 &#8211; C\u00f4tes-du-rh\u00f4ne &#8211; Domaine St\u00e9phane Ogier"},"content":{"rendered":"<p><strong>Wijndomein : <\/strong><br \/>\nDomaine St\u00e9phane Ogier<\/p>\n<p><strong>Appellatie : <\/strong><br \/>\nC\u00f4tes-du-rh\u00f4ne<\/p>\n<p><strong>Regio :<\/strong><br \/>\nVall\u00e9e du Rh\u00f4ne Sud<\/p>\n<p><strong>En de wijn\u2026<\/strong><br \/>\nDruivensoorten: 30% Grenache Blanc, 30% Roussanne, 20% Viognier, 10% Marsanne, 5% Bourboulenc en 5% Clairette<br \/>\nTerroir: Witte klei en zand<br \/>\nBlootstelling van de wijngaard in het zuidwesten, op een hoogte van 320 m<br \/>\nHandmatig oogsten met respect voor het milieu en duurzame landbouw gecertificeerd HVE (High Environmental Value)<br \/>\nTraditionele vinificatie in temperatuurgecontroleerde betonnen vaten, met inheemse gisten<br \/>\n6 maanden gerijpt in betonnen vaten alvorens te bottelen op het landgoed<\/p>\n<p><strong>En in het glas\u2026<\/strong><br \/>\nFijne gouden kleur met groenachtige reflecties<br \/>\nNeus samengesteld uit frisse tonen van wit fruit en witte bloemen<br \/>\nGastronomisch gehemelte, rijk en fris en niet ontbrekend een zeer verfrissende minerale toets<\/p>\n<p><strong>Food &amp; Wine pairing :<\/strong><br \/>\nMet Mediterrane keuken, met vis in saus<\/p>\n","protected":false},"excerpt":{"rendered":"<p><strong>Wijndomein : <\/strong><br \/>\nDomaine St\u00e9phane Ogier<\/p>\n<p><strong>Appellatie : <\/strong><br \/>\nC\u00f4tes-du-rh\u00f4ne<\/p>\n<p><strong>Regio :<\/strong><br \/>\nVall\u00e9e du Rh\u00f4ne Sud<\/p>\n","protected":false},"featured_media":5336,"comment_status":"open","ping_status":"closed","template":"","meta":[],"product_brand":[],"product_cat":[63],"product_tag":[],"class_list":{"0":"post-5337","1":"product","2":"type-product","3":"status-publish","4":"has-post-thumbnail","6":"product_cat-witte-wijn-nl","8":"first","9":"instock","10":"taxable","11":"shipping-taxable","12":"purchasable","13":"product-type-simple"},"group_of_quantity":6,"min_quantity":0,"max_quantity":"","exclude_order_quantity_value_rules":"no","exclude_category_quantity_rules":"no","combine_variations":"no","_links":{"self":[{"href":"https:\/\/www.vinquotidien.com\/nl\/wp-json\/wp\/v2\/product\/5337","targetHints":{"allow":["GET"]}}],"collection":[{"href":"https:\/\/www.vinquotidien.com\/nl\/wp-json\/wp\/v2\/product"}],"about":[{"href":"https:\/\/www.vinquotidien.com\/nl\/wp-json\/wp\/v2\/types\/product"}],"replies":[{"embeddable":true,"href":"https:\/\/www.vinquotidien.com\/nl\/wp-json\/wp\/v2\/comments?post=5337"}],"wp:featuredmedia":[{"embeddable":true,"href":"https:\/\/www.vinquotidien.com\/nl\/wp-json\/wp\/v2\/media\/5336"}],"wp:attachment":[{"href":"https:\/\/www.vinquotidien.com\/nl\/wp-json\/wp\/v2\/media?parent=5337"}],"wp:term":[{"taxonomy":"product_brand","embeddable":true,"href":"https:\/\/www.vinquotidien.com\/nl\/wp-json\/wp\/v2\/product_brand?post=5337"},{"taxonomy":"product_cat","embeddable":true,"href":"https:\/\/www.vinquotidien.com\/nl\/wp-json\/wp\/v2\/product_cat?post=5337"},{"taxonomy":"product_tag","embeddable":true,"href":"https:\/\/www.vinquotidien.com\/nl\/wp-json\/wp\/v2\/product_tag?post=5337"}],"curies":[{"name":"wp","href":"https:\/\/api.w.org\/{rel}","templated":true}]}}