{"id":5376,"date":"2022-09-14T09:53:56","date_gmt":"2022-09-14T07:53:56","guid":{"rendered":"https:\/\/www.vinquotidien.com\/?post_type=product&#038;p=5376"},"modified":"2025-10-28T14:51:14","modified_gmt":"2025-10-28T13:51:14","slug":"mon-village-2020-cote-rotie-domaine-stephane-ogier","status":"publish","type":"product","link":"https:\/\/www.vinquotidien.com\/nl\/produit\/mon-village-2020-cote-rotie-domaine-stephane-ogier\/","title":{"rendered":"Mon Village 2022 &#8211; C\u00f4te R\u00f4tie &#8211; Domaine St\u00e9phane Ogier"},"content":{"rendered":"<p><strong>Wijndomein : <\/strong><br \/>\nDomaine St\u00e9phane Ogier<\/p>\n<p><strong>Appellatie : <\/strong><br \/>\nC\u00f4te R\u00f4tie<\/p>\n<p><strong>Regio :<\/strong><br \/>\nVall\u00e9e du Rh\u00f4ne Sud<\/p>\n<p><strong>Beloningen :<\/strong><br \/>\nRevue des Vins de France (RVF) : 95\/100<\/p>\n<p><strong>En de wijn\u2026<\/strong><br \/>\nDruivensoort : 96% Syrah, 4% Viognier<br \/>\nTerroir van graniet en leisteen, verzameling van verschillende plaatsen aan de kust van Brown en Blonde<br \/>\nHandmatig oogsten, sorteren op het perceel en sorteertafel bij de ingang van de wijnmakerij.<br \/>\nVinificatie van de cuv\u00e9e: 20% hele oogst, koude maceratie in roestvrijstalen vaten met temperatuurregeling en gebruik van inheemse gisten.<br \/>\n18 maanden gerijpt in vaten waarvan 20% nieuw hout<\/p>\n<p><strong>En in het glas\u2026<\/strong><br \/>\nDiepe en intense robijn-paarse kleur<br \/>\nIn de neus aroma&#8217;s van rode en zwarte bessen, bloemen, munt en tapenade<br \/>\nRijke en sappige mond met een zeer mooie elegante lengte<\/p>\n<p><strong>Food &amp; Wine pairing :<\/strong><br \/>\nHeerlijk bij een lamsschouder of wild in saus<\/p>\n","protected":false},"excerpt":{"rendered":"<p><strong>Wijndomein : <\/strong><br \/>\nDomaine St\u00e9phane Ogier<\/p>\n<p><strong>Appellatie : <\/strong><br \/>\nC\u00f4te R\u00f4tie<\/p>\n<p><strong>Regio :<\/strong><br \/>\nVall\u00e9e du Rh\u00f4ne Sud<\/p>\n<p><strong>Beloningen :<\/strong><br \/>\nRevue des Vins de France (RVF) : 95\/100<\/p>\n","protected":false},"featured_media":5375,"comment_status":"open","ping_status":"closed","template":"","meta":[],"product_brand":[],"product_cat":[65,96],"product_tag":[],"class_list":{"0":"post-5376","1":"product","2":"type-product","3":"status-publish","4":"has-post-thumbnail","6":"product_cat-rode-wijn-nl","7":"product_cat-vip-corner-nl","9":"first","10":"instock","11":"taxable","12":"shipping-taxable","13":"purchasable","14":"product-type-simple"},"group_of_quantity":1,"min_quantity":0,"max_quantity":"","exclude_order_quantity_value_rules":"yes","exclude_category_quantity_rules":"no","combine_variations":"no","_links":{"self":[{"href":"https:\/\/www.vinquotidien.com\/nl\/wp-json\/wp\/v2\/product\/5376","targetHints":{"allow":["GET"]}}],"collection":[{"href":"https:\/\/www.vinquotidien.com\/nl\/wp-json\/wp\/v2\/product"}],"about":[{"href":"https:\/\/www.vinquotidien.com\/nl\/wp-json\/wp\/v2\/types\/product"}],"replies":[{"embeddable":true,"href":"https:\/\/www.vinquotidien.com\/nl\/wp-json\/wp\/v2\/comments?post=5376"}],"wp:featuredmedia":[{"embeddable":true,"href":"https:\/\/www.vinquotidien.com\/nl\/wp-json\/wp\/v2\/media\/5375"}],"wp:attachment":[{"href":"https:\/\/www.vinquotidien.com\/nl\/wp-json\/wp\/v2\/media?parent=5376"}],"wp:term":[{"taxonomy":"product_brand","embeddable":true,"href":"https:\/\/www.vinquotidien.com\/nl\/wp-json\/wp\/v2\/product_brand?post=5376"},{"taxonomy":"product_cat","embeddable":true,"href":"https:\/\/www.vinquotidien.com\/nl\/wp-json\/wp\/v2\/product_cat?post=5376"},{"taxonomy":"product_tag","embeddable":true,"href":"https:\/\/www.vinquotidien.com\/nl\/wp-json\/wp\/v2\/product_tag?post=5376"}],"curies":[{"name":"wp","href":"https:\/\/api.w.org\/{rel}","templated":true}]}}