{"id":5386,"date":"2022-09-14T09:52:14","date_gmt":"2022-09-14T07:52:14","guid":{"rendered":"https:\/\/www.vinquotidien.com\/?post_type=product&#038;p=5386"},"modified":"2023-08-24T14:17:36","modified_gmt":"2023-08-24T12:17:36","slug":"la-vialliere-2016-cote-rotie-domaine-stephane-ogier","status":"publish","type":"product","link":"https:\/\/www.vinquotidien.com\/nl\/produit\/la-vialliere-2016-cote-rotie-domaine-stephane-ogier\/","title":{"rendered":"La Vialli\u00e8re 2016 &#8211; C\u00f4te R\u00f4tie &#8211; Domaine St\u00e9phane Ogier"},"content":{"rendered":"<p><strong>Onder toewijzing, neem contact op\u00a0!<\/strong><\/p>\n<p><strong>Wijndomein : <\/strong><br \/>\nDomaine St\u00e9phane Ogier<\/p>\n<p><strong>Appellatie : <\/strong><br \/>\nC\u00f4te R\u00f4tie<\/p>\n<p><strong>Regio :<\/strong><br \/>\nVall\u00e9e du Rh\u00f4ne Sud<\/p>\n<p><strong>Beloningen :<\/strong><br \/>\nRobert Parker \u2013 The Wine Advocate : 95\/100<\/p>\n<p><strong>En de wijn\u2026<\/strong><br \/>\nDruivensoort : 100% Syrah<br \/>\nBruine bodems bestaande uit mica leisteen, hellingen op het zuidoosten oscillerend op een hoogte van 200 meter<br \/>\nHandmatig oogsten, sorteren op het perceel en sorteertafel bij de ingang van de wijnmakerij.<br \/>\nDe hele oogst wordt gevinifieerd met inheemse gist en vervolgens 20 maanden gerijpt in eikenhouten vaten met 20% nieuw hout<\/p>\n<p><strong>En in het glas\u2026<\/strong><br \/>\nDiep paarse kleur getint met paarse reflecties<br \/>\nGastronomische en intense neus van bramen en zwarte bes versterkt met gedroogde bloemen en hints van rook<br \/>\nStijlvolle concentratie in de mond met fluweelzachte, verfijnde tannines die evolueren naar een harmonieuze, hartige en pittige afdronk<\/p>\n<p><strong>Food &amp; Wine pairing :<\/strong><br \/>\nGetest en goedgekeurd op een wildzwijnfilet met peper<\/p>\n","protected":false},"excerpt":{"rendered":"<p><strong>Onder toewijzing, neem contact op\u00a0!<\/strong><\/p>\n<p><strong>Wijndomein : <\/strong><br \/>\nDomaine St\u00e9phane Ogier<\/p>\n<p><strong>Appellatie : <\/strong><br \/>\nC\u00f4te R\u00f4tie<\/p>\n<p><strong>Regio :<\/strong><br \/>\nVall\u00e9e du Rh\u00f4ne Sud<\/p>\n<p><strong>Beloningen :<\/strong><br \/>\nRobert Parker \u2013 The Wine Advocate : 95\/100<\/p>\n","protected":false},"featured_media":5385,"comment_status":"open","ping_status":"closed","template":"","meta":[],"product_brand":[],"product_cat":[96,65],"product_tag":[],"class_list":{"0":"post-5386","1":"product","2":"type-product","3":"status-publish","4":"has-post-thumbnail","6":"product_cat-vip-corner-nl","7":"product_cat-rode-wijn-nl","9":"first","10":"instock","11":"taxable","12":"shipping-taxable","13":"purchasable","14":"product-type-simple"},"group_of_quantity":1,"min_quantity":0,"max_quantity":"","exclude_order_quantity_value_rules":"yes","exclude_category_quantity_rules":"no","combine_variations":"no","_links":{"self":[{"href":"https:\/\/www.vinquotidien.com\/nl\/wp-json\/wp\/v2\/product\/5386","targetHints":{"allow":["GET"]}}],"collection":[{"href":"https:\/\/www.vinquotidien.com\/nl\/wp-json\/wp\/v2\/product"}],"about":[{"href":"https:\/\/www.vinquotidien.com\/nl\/wp-json\/wp\/v2\/types\/product"}],"replies":[{"embeddable":true,"href":"https:\/\/www.vinquotidien.com\/nl\/wp-json\/wp\/v2\/comments?post=5386"}],"wp:featuredmedia":[{"embeddable":true,"href":"https:\/\/www.vinquotidien.com\/nl\/wp-json\/wp\/v2\/media\/5385"}],"wp:attachment":[{"href":"https:\/\/www.vinquotidien.com\/nl\/wp-json\/wp\/v2\/media?parent=5386"}],"wp:term":[{"taxonomy":"product_brand","embeddable":true,"href":"https:\/\/www.vinquotidien.com\/nl\/wp-json\/wp\/v2\/product_brand?post=5386"},{"taxonomy":"product_cat","embeddable":true,"href":"https:\/\/www.vinquotidien.com\/nl\/wp-json\/wp\/v2\/product_cat?post=5386"},{"taxonomy":"product_tag","embeddable":true,"href":"https:\/\/www.vinquotidien.com\/nl\/wp-json\/wp\/v2\/product_tag?post=5386"}],"curies":[{"name":"wp","href":"https:\/\/api.w.org\/{rel}","templated":true}]}}