{"id":5394,"date":"2022-09-14T10:02:55","date_gmt":"2022-09-14T08:02:55","guid":{"rendered":"https:\/\/www.vinquotidien.com\/?post_type=product&#038;p=5394"},"modified":"2025-11-03T11:42:57","modified_gmt":"2025-11-03T10:42:57","slug":"lancement-2018-cote-rotie-domaine-stephane-ogier","status":"publish","type":"product","link":"https:\/\/www.vinquotidien.com\/nl\/produit\/lancement-2018-cote-rotie-domaine-stephane-ogier\/","title":{"rendered":"Lancement 2018\/19\/20 &#8211; C\u00f4te R\u00f4tie &#8211; Domaine St\u00e9phane Ogier"},"content":{"rendered":"<p><strong>Onder toewijzing, neem contact op\u00a0!<\/strong><\/p>\n<p><strong>Wijndomein : <\/strong><br \/>\nDomaine St\u00e9phane Ogier<\/p>\n<p><strong>Appellatie : <\/strong><br \/>\nC\u00f4te R\u00f4tie<\/p>\n<p><strong>Regio :<\/strong><br \/>\nVall\u00e9e du Rh\u00f4ne Sud<\/p>\n<p><strong>Beloningen :<\/strong><br \/>\nWine Spectator: 97\/100<br \/>\nRobert Parker \u2013 Wine Advocate: 95\/100<\/p>\n<p><strong>En de wijn\u2026<\/strong><br \/>\nDruivensoort : 100% Syrah<br \/>\nVan een klein perceel van een hectare op het zuiden, beplant in 1977 en samengesteld uit granietbodem, typisch voor de C\u00f4te Blonde<br \/>\nDe oogst is handmatig, de gisten zijn inheems<br \/>\nDe cuv\u00e9e wordt volledig ontsteeld voordat hij koude maceratie voor de gisting ondergaat, wordt geponst, overgepompt tijdens de alcoholische gisting en maceratie na de gisting.<br \/>\n20 maanden gerijpt in Franse eikenhouten vaten, waarvan 50% nieuw hout<\/p>\n<p><strong>En in het glas\u2026<\/strong><br \/>\nBriljante intense granaatkleur<br \/>\nFluweelzachte en complexe neus die zwart fruit, kruiden en bloemige accenten combineert. Smakelijke tonen van gerookt spek<br \/>\nDe structuur is dicht in een fluweelachtig en ongelooflijk smakelijk mondgevoel dat duidelijk doet denken aan de aroma&#8217;s van de neus<\/p>\n<p><strong>Food &amp; Wine pairing :<\/strong><br \/>\nEen geweldige wijn die goed samengaat met geweldige gerechten zoals Hare \u00e0 la Royale<\/p>\n","protected":false},"excerpt":{"rendered":"<p><strong>Onder toewijzing, neem contact op\u00a0!<\/strong><\/p>\n<p><strong>Wijndomein : <\/strong><br \/>\nDomaine St\u00e9phane Ogier<\/p>\n<p><strong>Appellatie : <\/strong><br \/>\nC\u00f4te R\u00f4tie<\/p>\n<p><strong>Regio :<\/strong><br \/>\nVall\u00e9e du Rh\u00f4ne Sud<\/p>\n<p><strong>Beloningen :<\/strong><br \/>\nWine Spectator: 97\/100<br \/>\nRobert Parker \u2013 Wine Advocate: 95\/100<\/p>\n","protected":false},"featured_media":5393,"comment_status":"open","ping_status":"closed","template":"","meta":[],"product_brand":[],"product_cat":[96,65],"product_tag":[],"class_list":{"0":"post-5394","1":"product","2":"type-product","3":"status-publish","4":"has-post-thumbnail","6":"product_cat-vip-corner-nl","7":"product_cat-rode-wijn-nl","9":"first","10":"instock","11":"taxable","12":"shipping-taxable","13":"purchasable","14":"product-type-simple"},"group_of_quantity":1,"min_quantity":0,"max_quantity":"","exclude_order_quantity_value_rules":"yes","exclude_category_quantity_rules":"no","combine_variations":"no","_links":{"self":[{"href":"https:\/\/www.vinquotidien.com\/nl\/wp-json\/wp\/v2\/product\/5394","targetHints":{"allow":["GET"]}}],"collection":[{"href":"https:\/\/www.vinquotidien.com\/nl\/wp-json\/wp\/v2\/product"}],"about":[{"href":"https:\/\/www.vinquotidien.com\/nl\/wp-json\/wp\/v2\/types\/product"}],"replies":[{"embeddable":true,"href":"https:\/\/www.vinquotidien.com\/nl\/wp-json\/wp\/v2\/comments?post=5394"}],"wp:featuredmedia":[{"embeddable":true,"href":"https:\/\/www.vinquotidien.com\/nl\/wp-json\/wp\/v2\/media\/5393"}],"wp:attachment":[{"href":"https:\/\/www.vinquotidien.com\/nl\/wp-json\/wp\/v2\/media?parent=5394"}],"wp:term":[{"taxonomy":"product_brand","embeddable":true,"href":"https:\/\/www.vinquotidien.com\/nl\/wp-json\/wp\/v2\/product_brand?post=5394"},{"taxonomy":"product_cat","embeddable":true,"href":"https:\/\/www.vinquotidien.com\/nl\/wp-json\/wp\/v2\/product_cat?post=5394"},{"taxonomy":"product_tag","embeddable":true,"href":"https:\/\/www.vinquotidien.com\/nl\/wp-json\/wp\/v2\/product_tag?post=5394"}],"curies":[{"name":"wp","href":"https:\/\/api.w.org\/{rel}","templated":true}]}}