{"id":5796,"date":"2022-12-05T11:00:45","date_gmt":"2022-12-05T10:00:45","guid":{"rendered":"https:\/\/www.vinquotidien.com\/?post_type=product&#038;p=5796"},"modified":"2025-10-23T09:44:08","modified_gmt":"2025-10-23T07:44:08","slug":"chablis-2019-eleonore-moreau-domaine-des-peregrins","status":"publish","type":"product","link":"https:\/\/www.vinquotidien.com\/nl\/produit\/chablis-2019-eleonore-moreau-domaine-des-peregrins\/","title":{"rendered":"Chablis 2022 &#8211; Domaine des P\u00e9r\u00e9grins &#8211; El\u00e9onore Moreau"},"content":{"rendered":"<p><strong>Wijndomein : <\/strong><br \/>\nDomaine Moreau et Fille\u00a0&#8211; Domaine des P\u00e9r\u00e9grins<\/p>\n<p><strong>Appellatie : <\/strong><br \/>\nChablis<\/p>\n<p><strong>Regio : <\/strong><br \/>\nBourgogne<\/p>\n<p><strong>En de wijn\u2026<\/strong><br \/>\nDruivensoorten: 100% Chardonnay<br \/>\nKalkrijke bodems op Portlandien, gemiddelde hoogte van 280 meter.<br \/>\nRelatief vlakke wijngaard met goede blootstelling aan de zon.<br \/>\nMechanische oogst, alcoholische en malolactische gisting op 100%<br \/>\nLange rijping (15 maanden) op de droesem in thermogereguleerde roestvrijstalen vaten met weinig tussenkomst tijdens de vinificatie.<\/p>\n<p><strong>En in het glas\u2026<\/strong><br \/>\nSchitterend geel gewaad.<br \/>\nFruitig, mineraal, fijn gekruide neus en zeer zuivere mond, vervoerd door een krachtige mineraliteit.<br \/>\nEen wijn met karakter!<\/p>\n<p><strong>Food &amp; Wine pairing : <\/strong><br \/>\nHij past perfect bij witte vis, gevogelte en vooral gerechten op basis van bladerdeeg en champignons.<\/p>\n","protected":false},"excerpt":{"rendered":"<p><strong>Wijndomein : <\/strong><br \/>\nDomaine Moreau et Fille &#8211; Domaine des P\u00e9r\u00e9grins<\/p>\n<p><strong>Appellatie : <\/strong><br \/>\nChablis<\/p>\n<p><strong>Regio : <\/strong><br \/>\nBourgogne<\/p>\n","protected":false},"featured_media":8103,"comment_status":"open","ping_status":"closed","template":"","meta":[],"product_brand":[],"product_cat":[63],"product_tag":[],"class_list":{"0":"post-5796","1":"product","2":"type-product","3":"status-publish","4":"has-post-thumbnail","6":"product_cat-witte-wijn-nl","8":"first","9":"instock","10":"taxable","11":"shipping-taxable","12":"purchasable","13":"product-type-simple"},"group_of_quantity":6,"min_quantity":0,"max_quantity":"","exclude_order_quantity_value_rules":"no","exclude_category_quantity_rules":"no","combine_variations":"no","_links":{"self":[{"href":"https:\/\/www.vinquotidien.com\/nl\/wp-json\/wp\/v2\/product\/5796","targetHints":{"allow":["GET"]}}],"collection":[{"href":"https:\/\/www.vinquotidien.com\/nl\/wp-json\/wp\/v2\/product"}],"about":[{"href":"https:\/\/www.vinquotidien.com\/nl\/wp-json\/wp\/v2\/types\/product"}],"replies":[{"embeddable":true,"href":"https:\/\/www.vinquotidien.com\/nl\/wp-json\/wp\/v2\/comments?post=5796"}],"wp:featuredmedia":[{"embeddable":true,"href":"https:\/\/www.vinquotidien.com\/nl\/wp-json\/wp\/v2\/media\/8103"}],"wp:attachment":[{"href":"https:\/\/www.vinquotidien.com\/nl\/wp-json\/wp\/v2\/media?parent=5796"}],"wp:term":[{"taxonomy":"product_brand","embeddable":true,"href":"https:\/\/www.vinquotidien.com\/nl\/wp-json\/wp\/v2\/product_brand?post=5796"},{"taxonomy":"product_cat","embeddable":true,"href":"https:\/\/www.vinquotidien.com\/nl\/wp-json\/wp\/v2\/product_cat?post=5796"},{"taxonomy":"product_tag","embeddable":true,"href":"https:\/\/www.vinquotidien.com\/nl\/wp-json\/wp\/v2\/product_tag?post=5796"}],"curies":[{"name":"wp","href":"https:\/\/api.w.org\/{rel}","templated":true}]}}