{"id":6109,"date":"2023-03-08T17:44:36","date_gmt":"2023-03-08T16:44:36","guid":{"rendered":"https:\/\/www.vinquotidien.com\/?post_type=product&#038;p=6109"},"modified":"2026-02-01T10:26:29","modified_gmt":"2026-02-01T09:26:29","slug":"cotes-du-rhone-rouge-chateau-gigognan","status":"publish","type":"product","link":"https:\/\/www.vinquotidien.com\/nl\/produit\/cotes-du-rhone-rouge-chateau-gigognan\/","title":{"rendered":"C\u00f4tes-du-Rh\u00f4ne rouge 2024 &#8211; Ch\u00e2teau Gigognan"},"content":{"rendered":"<p><strong>Wijndomein : <\/strong><br \/>\nCh\u00e2teau Gigognan<\/p>\n<p><strong>Appellatie : <\/strong><br \/>\nC\u00f4tes-du-Rh\u00f4ne<\/p>\n<p><strong>Regio : <\/strong><br \/>\nRh\u00f4ne-vallei<\/p>\n<p><strong>En de wijn\u2026<\/strong><br \/>\nDruivensoorten : 55% Grenache Noir, 20% Mourv\u00e8dre, 15% Syrah, 5% Cinsault, 5% Carignan.<br \/>\nKlei-kalksteen of zandgrond, op het zuiden gelegen, op een licht glooiende helling rond het kasteel.<br \/>\nCuv\u00e9e uit de verschillende terroirs van het Domaine.<br \/>\nOntstelen van de bessen voor matige extractie door overpompen en licht neerslaan.<br \/>\nFermentatie en rijping in roestvrijstalen vaten alvorens te bottelen op het Domaine<\/p>\n<p><strong>En in het glas\u2026<\/strong><br \/>\nMooie oogverblindende karmijnkleur.<br \/>\nGulzige en expressieve neus met aroma&#8217;s van knapperig rood fruit versterkt door tonen van zoethout.<br \/>\nMond evenwichtig tussen aromatische frisheid en delicatesse.<br \/>\nDe wijn van plezier bij uitstek.<\/p>\n<p><strong>Food &amp; Wine pairing : <\/strong><br \/>\nOp zomerse grillgerechten, zuiderse gerechten, tapenades.<\/p>\n","protected":false},"excerpt":{"rendered":"<p><strong>Wijndomein : <\/strong><br \/>\nCh\u00e2teau Gigognan<\/p>\n<p><strong>Appellatie : <\/strong><br \/>\nC\u00f4tes-du-Rh\u00f4ne<\/p>\n<p><strong>Regio : <\/strong><br \/>\nRh\u00f4ne-vallei<\/p>\n","protected":false},"featured_media":6108,"comment_status":"open","ping_status":"closed","template":"","meta":[],"product_brand":[],"product_cat":[65],"product_tag":[],"class_list":{"0":"post-6109","1":"product","2":"type-product","3":"status-publish","4":"has-post-thumbnail","6":"product_cat-rode-wijn-nl","8":"first","9":"instock","10":"taxable","11":"shipping-taxable","12":"purchasable","13":"product-type-simple"},"group_of_quantity":6,"min_quantity":0,"max_quantity":"","exclude_order_quantity_value_rules":"no","exclude_category_quantity_rules":"no","combine_variations":"no","_links":{"self":[{"href":"https:\/\/www.vinquotidien.com\/nl\/wp-json\/wp\/v2\/product\/6109","targetHints":{"allow":["GET"]}}],"collection":[{"href":"https:\/\/www.vinquotidien.com\/nl\/wp-json\/wp\/v2\/product"}],"about":[{"href":"https:\/\/www.vinquotidien.com\/nl\/wp-json\/wp\/v2\/types\/product"}],"replies":[{"embeddable":true,"href":"https:\/\/www.vinquotidien.com\/nl\/wp-json\/wp\/v2\/comments?post=6109"}],"wp:featuredmedia":[{"embeddable":true,"href":"https:\/\/www.vinquotidien.com\/nl\/wp-json\/wp\/v2\/media\/6108"}],"wp:attachment":[{"href":"https:\/\/www.vinquotidien.com\/nl\/wp-json\/wp\/v2\/media?parent=6109"}],"wp:term":[{"taxonomy":"product_brand","embeddable":true,"href":"https:\/\/www.vinquotidien.com\/nl\/wp-json\/wp\/v2\/product_brand?post=6109"},{"taxonomy":"product_cat","embeddable":true,"href":"https:\/\/www.vinquotidien.com\/nl\/wp-json\/wp\/v2\/product_cat?post=6109"},{"taxonomy":"product_tag","embeddable":true,"href":"https:\/\/www.vinquotidien.com\/nl\/wp-json\/wp\/v2\/product_tag?post=6109"}],"curies":[{"name":"wp","href":"https:\/\/api.w.org\/{rel}","templated":true}]}}