{"id":6117,"date":"2023-03-15T09:28:08","date_gmt":"2023-03-15T08:28:08","guid":{"rendered":"https:\/\/www.vinquotidien.com\/?post_type=product&#038;p=6117"},"modified":"2025-03-24T17:18:01","modified_gmt":"2025-03-24T16:18:01","slug":"viognier-cotes-du-rhone-chateau-gigognan","status":"publish","type":"product","link":"https:\/\/www.vinquotidien.com\/nl\/produit\/viognier-cotes-du-rhone-chateau-gigognan\/","title":{"rendered":"Viognier 2023 &#8211; C\u00f4tes-du-Rh\u00f4ne &#8211; Ch\u00e2teau Gigognan"},"content":{"rendered":"<p><strong>Wijndomein : <\/strong><br \/>\nCh\u00e2teau Gigognan<\/p>\n<p><strong>Appellatie : <\/strong><br \/>\nC\u00f4tes-du-Rh\u00f4ne<\/p>\n<p><strong>Regio : <\/strong><br \/>\nRh\u00f4ne-vallei<\/p>\n<p><strong>En de wijn\u2026<\/strong><br \/>\nDruivensoorten : 100% Viognier<br \/>\nKlei-kalksteen en zandgrond.<br \/>\nMet de hand geoogst met respect voor het fruit, worden de druiven zorgvuldig gesorteerd in de wijngaard en vervolgens in de kelder, voordat ze worden geperst.<br \/>\nDe zachte persing garandeert de kwaliteit van de afvoer van de sappen.<br \/>\nGisting bij lage temperatuur in roestvrijstalen vaten, en voor een deel (25%) in vaten, om aromatische expressie en complexiteit te combineren tijdens het blenden na 4 maanden rijping op fijne droesem.<br \/>\nLicht gefilterde wijn voor het bottelen in februari.<\/p>\n<p><strong>En in het glas\u2026<\/strong><br \/>\nGoudgele kleur getint met groene reflecties<br \/>\nExotische aroma&#8217;s van ananas, wit fruit en perzik.<br \/>\nMooie balans in de mond die zachtheid, finesse en spanning combineert.<br \/>\nFinale in explosie van frisheid<\/p>\n<p><strong>Food &amp; Wine pairing : <\/strong><br \/>\nHeerlijk bij sushi<\/p>\n","protected":false},"excerpt":{"rendered":"<p><strong>Wijndomein : <\/strong><br \/>\nCh\u00e2teau Gigognan<\/p>\n<p><strong>Appellatie : <\/strong><br \/>\nC\u00f4tes-du-Rh\u00f4ne<\/p>\n<p><strong>Regio : <\/strong><br \/>\nRh\u00f4ne-vallei<\/p>\n","protected":false},"featured_media":6116,"comment_status":"open","ping_status":"closed","template":"","meta":[],"product_brand":[],"product_cat":[63],"product_tag":[],"class_list":{"0":"post-6117","1":"product","2":"type-product","3":"status-publish","4":"has-post-thumbnail","6":"product_cat-witte-wijn-nl","8":"first","9":"instock","10":"taxable","11":"shipping-taxable","12":"purchasable","13":"product-type-simple"},"group_of_quantity":6,"min_quantity":0,"max_quantity":"","exclude_order_quantity_value_rules":"no","exclude_category_quantity_rules":"no","combine_variations":"no","_links":{"self":[{"href":"https:\/\/www.vinquotidien.com\/nl\/wp-json\/wp\/v2\/product\/6117","targetHints":{"allow":["GET"]}}],"collection":[{"href":"https:\/\/www.vinquotidien.com\/nl\/wp-json\/wp\/v2\/product"}],"about":[{"href":"https:\/\/www.vinquotidien.com\/nl\/wp-json\/wp\/v2\/types\/product"}],"replies":[{"embeddable":true,"href":"https:\/\/www.vinquotidien.com\/nl\/wp-json\/wp\/v2\/comments?post=6117"}],"wp:featuredmedia":[{"embeddable":true,"href":"https:\/\/www.vinquotidien.com\/nl\/wp-json\/wp\/v2\/media\/6116"}],"wp:attachment":[{"href":"https:\/\/www.vinquotidien.com\/nl\/wp-json\/wp\/v2\/media?parent=6117"}],"wp:term":[{"taxonomy":"product_brand","embeddable":true,"href":"https:\/\/www.vinquotidien.com\/nl\/wp-json\/wp\/v2\/product_brand?post=6117"},{"taxonomy":"product_cat","embeddable":true,"href":"https:\/\/www.vinquotidien.com\/nl\/wp-json\/wp\/v2\/product_cat?post=6117"},{"taxonomy":"product_tag","embeddable":true,"href":"https:\/\/www.vinquotidien.com\/nl\/wp-json\/wp\/v2\/product_tag?post=6117"}],"curies":[{"name":"wp","href":"https:\/\/api.w.org\/{rel}","templated":true}]}}