{"id":6121,"date":"2023-03-08T19:41:44","date_gmt":"2023-03-08T18:41:44","guid":{"rendered":"https:\/\/www.vinquotidien.com\/?post_type=product&#038;p=6121"},"modified":"2025-03-24T17:18:10","modified_gmt":"2025-03-24T16:18:10","slug":"bois-des-moines-cotes-du-rhone-villages-chateau-gigognan","status":"publish","type":"product","link":"https:\/\/www.vinquotidien.com\/nl\/produit\/bois-des-moines-cotes-du-rhone-villages-chateau-gigognan\/","title":{"rendered":"Bois des Moines 2019 &#8211; C\u00f4tes-du-Rh\u00f4ne-Villages &#8211; Ch\u00e2teau Gigognan"},"content":{"rendered":"<p><strong>Wijndomein : <\/strong><br \/>\nCh\u00e2teau Gigognan<\/p>\n<p><strong>Appellatie : <\/strong><br \/>\nC\u00f4tes-du-Rh\u00f4ne-Villages<\/p>\n<p><strong>Regio : <\/strong><br \/>\nRh\u00f4ne-vallei<\/p>\n<p><strong>En de wijn\u2026<\/strong><br \/>\nDruivensoorten : 45% Grenache Noir, 40% Mourv\u00e8dre, 15% Syrah.<br \/>\nOude terrassen op zand en mergelkalksteen. Op het zuiden gelegen, op licht glooiende hellingen.<br \/>\nFermentatie bij lage temperatuur gecontroleerd met een streng beheer van de extracties, uitgevoerd door licht overpompen en neerslaan.<br \/>\nNa malolactische gisting vindt 18 maanden rijping plaats in eivormige betonnen vaten en vaten (25%).<\/p>\n<p><strong>En in het glas\u2026<\/strong><br \/>\nIntens paarsrode kleur.<br \/>\nSubtiele en gastronomische neus van zwart fruit, bosbessen en zwarte bessen, en zoethout, gecombineerd met kruidige tonen van garrigue<br \/>\nDe mond, in directe lijn met de aroma&#8217;s van de neus, biedt soepele en zijdezachte tannines en een verbazingwekkende lengte.<\/p>\n<p><strong>Food &amp; Wine pairing : <\/strong><br \/>\nBij zuidelijke gerechten nog pittige kazen.<\/p>\n","protected":false},"excerpt":{"rendered":"<p><strong>Wijndomein : <\/strong><br \/>\nCh\u00e2teau Gigognan<\/p>\n<p><strong>Appellatie : <\/strong><br \/>\nC\u00f4tes-du-Rh\u00f4ne-Villages<\/p>\n<p><strong>Regio : <\/strong><br \/>\nRh\u00f4ne-vallei<\/p>\n","protected":false},"featured_media":8330,"comment_status":"open","ping_status":"closed","template":"","meta":[],"product_brand":[],"product_cat":[65],"product_tag":[],"class_list":{"0":"post-6121","1":"product","2":"type-product","3":"status-publish","4":"has-post-thumbnail","6":"product_cat-rode-wijn-nl","8":"first","9":"instock","10":"taxable","11":"shipping-taxable","12":"purchasable","13":"product-type-simple"},"group_of_quantity":6,"min_quantity":0,"max_quantity":"","exclude_order_quantity_value_rules":"no","exclude_category_quantity_rules":"no","combine_variations":"no","_links":{"self":[{"href":"https:\/\/www.vinquotidien.com\/nl\/wp-json\/wp\/v2\/product\/6121","targetHints":{"allow":["GET"]}}],"collection":[{"href":"https:\/\/www.vinquotidien.com\/nl\/wp-json\/wp\/v2\/product"}],"about":[{"href":"https:\/\/www.vinquotidien.com\/nl\/wp-json\/wp\/v2\/types\/product"}],"replies":[{"embeddable":true,"href":"https:\/\/www.vinquotidien.com\/nl\/wp-json\/wp\/v2\/comments?post=6121"}],"wp:featuredmedia":[{"embeddable":true,"href":"https:\/\/www.vinquotidien.com\/nl\/wp-json\/wp\/v2\/media\/8330"}],"wp:attachment":[{"href":"https:\/\/www.vinquotidien.com\/nl\/wp-json\/wp\/v2\/media?parent=6121"}],"wp:term":[{"taxonomy":"product_brand","embeddable":true,"href":"https:\/\/www.vinquotidien.com\/nl\/wp-json\/wp\/v2\/product_brand?post=6121"},{"taxonomy":"product_cat","embeddable":true,"href":"https:\/\/www.vinquotidien.com\/nl\/wp-json\/wp\/v2\/product_cat?post=6121"},{"taxonomy":"product_tag","embeddable":true,"href":"https:\/\/www.vinquotidien.com\/nl\/wp-json\/wp\/v2\/product_tag?post=6121"}],"curies":[{"name":"wp","href":"https:\/\/api.w.org\/{rel}","templated":true}]}}