{"id":6183,"date":"2023-03-20T15:01:08","date_gmt":"2023-03-20T14:01:08","guid":{"rendered":"https:\/\/www.vinquotidien.com\/?post_type=product&#038;p=6183"},"modified":"2025-03-24T17:06:22","modified_gmt":"2025-03-24T16:06:22","slug":"tarroussel-faugeres-chateau-la-liquiere","status":"publish","type":"product","link":"https:\/\/www.vinquotidien.com\/nl\/produit\/tarroussel-faugeres-chateau-la-liquiere\/","title":{"rendered":"Tarroussel 2020 &#8211; Faug\u00e8res &#8211; Ch\u00e2teau La Liqui\u00e8re"},"content":{"rendered":"<p><strong>Wijndomein : <\/strong><br \/>\nCh\u00e2teau La Liqui\u00e8re<\/p>\n<p><strong>Appellatie : <\/strong><br \/>\nFaug\u00e8res<\/p>\n<p><strong>Regio : <\/strong><br \/>\nLanguedoc<\/p>\n<p><strong>En de wijn\u2026<\/strong><br \/>\nDruivensoorten: Grenache, Carignan<br \/>\nTerroir: Schaliebodems op een hoogte van 200 meter.<br \/>\nDruiven: Grenache, Carignan<br \/>\nDe naam &#8220;Tarroussel&#8221; is een plaats in de buurt van La Liqui\u00e8re, het favoriete terroir van Grenache.<br \/>\nVinificatie: Handmatige oogst van Grenache en Carignan tegelijk, vinificatie en rijping in vaten.<\/p>\n<p><strong>En in het glas\u2026<\/strong><br \/>\nDonkere granaatkleur, neus van rood fruit, garrigue, viooltjes en hints van leer.<br \/>\nIn de neus vinden we het fruit, de vrijgevigheid en de mediterrane kant van Grenache.<br \/>\nHet gehemelte drukt de finesse van de tannines uit, alles in frisheid en vooral vol persoonlijkheid.<\/p>\n<p><strong>Food &amp; Wine pairing : <\/strong><br \/>\nBij rood vlees en geroosterde eend<\/p>\n","protected":false},"excerpt":{"rendered":"<p><strong>Wijndomein : <\/strong><br \/>\nCh\u00e2teau La Liqui\u00e8re<\/p>\n<p><strong>Appellatie : <\/strong><br \/>\nFaug\u00e8res<\/p>\n<p><strong>Regio : <\/strong><br \/>\nLanguedoc<\/p>\n","protected":false},"featured_media":6182,"comment_status":"open","ping_status":"closed","template":"","meta":[],"product_brand":[],"product_cat":[65],"product_tag":[],"class_list":{"0":"post-6183","1":"product","2":"type-product","3":"status-publish","4":"has-post-thumbnail","6":"product_cat-rode-wijn-nl","8":"first","9":"instock","10":"taxable","11":"shipping-taxable","12":"purchasable","13":"product-type-simple"},"group_of_quantity":6,"min_quantity":0,"max_quantity":"","exclude_order_quantity_value_rules":"no","exclude_category_quantity_rules":"no","combine_variations":"no","_links":{"self":[{"href":"https:\/\/www.vinquotidien.com\/nl\/wp-json\/wp\/v2\/product\/6183","targetHints":{"allow":["GET"]}}],"collection":[{"href":"https:\/\/www.vinquotidien.com\/nl\/wp-json\/wp\/v2\/product"}],"about":[{"href":"https:\/\/www.vinquotidien.com\/nl\/wp-json\/wp\/v2\/types\/product"}],"replies":[{"embeddable":true,"href":"https:\/\/www.vinquotidien.com\/nl\/wp-json\/wp\/v2\/comments?post=6183"}],"wp:featuredmedia":[{"embeddable":true,"href":"https:\/\/www.vinquotidien.com\/nl\/wp-json\/wp\/v2\/media\/6182"}],"wp:attachment":[{"href":"https:\/\/www.vinquotidien.com\/nl\/wp-json\/wp\/v2\/media?parent=6183"}],"wp:term":[{"taxonomy":"product_brand","embeddable":true,"href":"https:\/\/www.vinquotidien.com\/nl\/wp-json\/wp\/v2\/product_brand?post=6183"},{"taxonomy":"product_cat","embeddable":true,"href":"https:\/\/www.vinquotidien.com\/nl\/wp-json\/wp\/v2\/product_cat?post=6183"},{"taxonomy":"product_tag","embeddable":true,"href":"https:\/\/www.vinquotidien.com\/nl\/wp-json\/wp\/v2\/product_tag?post=6183"}],"curies":[{"name":"wp","href":"https:\/\/api.w.org\/{rel}","templated":true}]}}