{"id":6223,"date":"2023-03-27T15:31:24","date_gmt":"2023-03-27T13:31:24","guid":{"rendered":"https:\/\/www.vinquotidien.com\/?post_type=product&#038;p=6223"},"modified":"2026-04-13T16:48:04","modified_gmt":"2026-04-13T14:48:04","slug":"rimauresq-cotes-de-provence-cru-classe-rose","status":"publish","type":"product","link":"https:\/\/www.vinquotidien.com\/nl\/produit\/rimauresq-cotes-de-provence-cru-classe-rose\/","title":{"rendered":"Rimauresq ros\u00e9 2025 &#8211; C\u00f4tes de Provence Cru Class\u00e9"},"content":{"rendered":"<p><strong>Wijndomein : <\/strong><br \/>\nDomaine de Rimauresq<\/p>\n<p><strong>Appellatie : <\/strong><br \/>\nC\u00f4tes de Provence<\/p>\n<p><strong>Regio : <\/strong><br \/>\nProvence<\/p>\n<p><strong>En de wijn\u2026<\/strong><br \/>\nDruivensoort : 46% Grenache, 14% Mourv\u00e8dre, 13% Carignan, 13% Cinsaut, 14% Syrah<br \/>\nTerroir van zure grond, zeer steenachtig, samengesteld uit leisteen, zandsteen en kwarts, blootgesteld aan het noorden, aan het westelijke uiteinde van de vlakte van de Maures.<br \/>\nRijping in vaten onder roeren. Na de eerste zuivering wordt de fijne droesem gedurende 4 tot 5 maanden elke week opnieuw gesuspendeerd, waardoor complexiteit en omvang ontstaan terwijl de versheid behouden blijft.<\/p>\n<p><strong>En in het glas\u2026<\/strong><br \/>\nSmakelijke lichtroze kleur.<br \/>\nDelicate neus van witte perziken en zonnige citrusvruchten.<br \/>\nIn de mond een mooie balans tussen zachtheid en citrusfrisheid<br \/>\nMooie en elegante afwerking<\/p>\n<p><strong>Food &amp; Wine pairing : <\/strong><br \/>\nPerfect bij de mediterrane keuken<\/p>\n","protected":false},"excerpt":{"rendered":"<p><strong>Wijndomein : <\/strong><br \/>\nDomaine de Rimauresq<\/p>\n<p><strong>Appellatie : <\/strong><br \/>\nC\u00f4tes de Provence<\/p>\n<p><strong>Regio : <\/strong><br \/>\nProvence<\/p>\n","protected":false},"featured_media":6222,"comment_status":"open","ping_status":"closed","template":"","meta":[],"product_brand":[],"product_cat":[64],"product_tag":[],"class_list":{"0":"post-6223","1":"product","2":"type-product","3":"status-publish","4":"has-post-thumbnail","6":"product_cat-rose-wijn-nl","8":"first","9":"instock","10":"taxable","11":"shipping-taxable","12":"purchasable","13":"product-type-simple"},"group_of_quantity":6,"min_quantity":0,"max_quantity":"","exclude_order_quantity_value_rules":"no","exclude_category_quantity_rules":"no","combine_variations":"no","_links":{"self":[{"href":"https:\/\/www.vinquotidien.com\/nl\/wp-json\/wp\/v2\/product\/6223","targetHints":{"allow":["GET"]}}],"collection":[{"href":"https:\/\/www.vinquotidien.com\/nl\/wp-json\/wp\/v2\/product"}],"about":[{"href":"https:\/\/www.vinquotidien.com\/nl\/wp-json\/wp\/v2\/types\/product"}],"replies":[{"embeddable":true,"href":"https:\/\/www.vinquotidien.com\/nl\/wp-json\/wp\/v2\/comments?post=6223"}],"wp:featuredmedia":[{"embeddable":true,"href":"https:\/\/www.vinquotidien.com\/nl\/wp-json\/wp\/v2\/media\/6222"}],"wp:attachment":[{"href":"https:\/\/www.vinquotidien.com\/nl\/wp-json\/wp\/v2\/media?parent=6223"}],"wp:term":[{"taxonomy":"product_brand","embeddable":true,"href":"https:\/\/www.vinquotidien.com\/nl\/wp-json\/wp\/v2\/product_brand?post=6223"},{"taxonomy":"product_cat","embeddable":true,"href":"https:\/\/www.vinquotidien.com\/nl\/wp-json\/wp\/v2\/product_cat?post=6223"},{"taxonomy":"product_tag","embeddable":true,"href":"https:\/\/www.vinquotidien.com\/nl\/wp-json\/wp\/v2\/product_tag?post=6223"}],"curies":[{"name":"wp","href":"https:\/\/api.w.org\/{rel}","templated":true}]}}