{"id":6298,"date":"2023-06-23T16:37:36","date_gmt":"2023-06-23T14:37:36","guid":{"rendered":"https:\/\/www.vinquotidien.com\/?post_type=product&#038;p=6298"},"modified":"2024-12-10T11:27:45","modified_gmt":"2024-12-10T10:27:45","slug":"het-ontdekkingspakket","status":"publish","type":"product","link":"https:\/\/www.vinquotidien.com\/nl\/produit\/het-ontdekkingspakket\/","title":{"rendered":"Het Ontdekkingspakket"},"content":{"rendered":"<p><strong>De ontdekkingsbox<\/strong><br \/>\n<strong>\u20ac 55 voor 6 flessen wijn naar smaak:<\/strong><\/p>\n<p><strong>La Closerie des Lys &#8211; Les Fruiti\u00e8res blanc &#8211; Pays-d&#8217;oc<\/strong><br \/>\n<strong>En de wijn&#8230;<\/strong><br \/>\n35% Chardonnay, 35% Sauvignon, 30% Vermentino<br \/>\nVinificaties gescheiden van de druivensoorten, rijping op fijne droesem in vaten.<br \/>\n<strong>En in het glas&#8230;<\/strong><br \/>\nGouden kleur met lichtgroene reflecties<br \/>\nBloemige en fruitige neus van witte perzik.<br \/>\nFrisheid van Sauvignon, body van Chardonay en rondheid van Vermentino<\/p>\n<p><strong>Ceptembre Sauvignon Blanc &#8211; Thierry Delaunay<\/strong><br \/>\n<strong>En de wijn&#8230;<\/strong><br \/>\n100% Sauvignon Blanc uit een selectie van de beste wijngaarden van Frankrijk.<br \/>\nRijping op fijne droesem in roestvrijstalen vaten<br \/>\n<strong>En in het glas&#8230;<\/strong><br \/>\nLichtgeel gewaad, groene reflecties. Neus van pompelmoes en zwarte bessenknoppen<br \/>\nVoldoende en frisse mond zowel in lijn met de aroma&#8217;s van de neus<\/p>\n<p><strong>Clos les Remparts blanc &#8211; Bordeaux &#8211; Graves<\/strong><br \/>\n<strong>En de wijn&#8230;<\/strong><br \/>\n70% S\u00e9millon, 30% Sauvignon op een terroir van rood zand op kalksteen.<br \/>\nHandmatige oogst, traditionele vinificatie, fermentatie in Franse eiken en acaciavaten, rijping op de droesem met wekelijks roeren.<br \/>\nWijngaard met HVE-certificering<br \/>\n<strong>En in het glas&#8230;<\/strong><br \/>\nStrogeel met briljante reflecties, aromatische neus van wit fruit en zwarte bessen geassocieerd met aantrekkelijke minerale tonen.<br \/>\nIn de mond geeft de wijn fruitigheid en frisheid vrij met omvang en finesse.<br \/>\nEen genot !<\/p>\n<p><strong>Saint-Nicolas-de-Bourgeuil &#8211; Domaine Mellier de l&#8217;Epaisse<\/strong><br \/>\n<strong>En de wijn&#8230;<\/strong><br \/>\n100% Cabernet franc, terroir van zand en grind.<br \/>\nMechanische oogst met sortering aan boord, fermentatie gedurende 2 weken in roestvrijstalen vaten. 6 maanden gerijpt in vaten.<br \/>\n<strong>En in het glas&#8230;<\/strong><br \/>\nBriljant paars, neus van vers rood fruit.<br \/>\nRondheid en soepelheid van de Cabernet-tannines voor een gastronomische en evenwichtige mond.<\/p>\n<p><strong>Morgon &#8211; Domaine Ludovic Charvet<\/strong><br \/>\n<strong>En de wijn&#8230;<\/strong><br \/>\n100% Gamay, klei en klei-kiezelbodems<br \/>\nKleine wijngaard van 5 ha, perceel gelegen op de top van het plateau, werken met respect voor de natuur, handmatige oogst, traditionele vinificatie.<br \/>\n<strong>En in het glas&#8230;<\/strong><br \/>\nRobijnrood, neus van zeer rijp steenfruit.<br \/>\nFruitige smaak van kersen, frambozen en aalbessen<br \/>\nRijke en gestructureerde afdronk met souplesse.<\/p>\n<p><strong>Le Temps est Venu &#8211; C\u00f4te-du-Rh\u00f4ne &#8211; Domaine St\u00e9phane Ogier 2018<\/strong><br \/>\n<strong>En de wijn&#8230;<\/strong><br \/>\nRobert Parker &#8211; The Wine Advocate : 90\/100<br \/>\nSyrah op een terroir van opgerolde kiezels op het plateau van Louze (Is\u00e8re)<br \/>\nHandmatig oogsten, ontstelen en koude maceratie in roestvrijstalen vaten. 12 maanden gerijpt in vaten, geen nieuw hout!<br \/>\n<strong>En in het glas&#8230;<\/strong><br \/>\nKarmozijnrode kleur met levendige en briljante reflecties, gastronomische neus van vers, rood en kruidig fruit<br \/>\nMond van een mooie vette met een gulzige en frisse afdronk en fijne en knapperige tannines.<br \/>\nOm te proeven zonder te wachten!<\/p>\n","protected":false},"excerpt":{"rendered":"<p><strong>De ideale formule om te ontdekken, met de beste verhouding prijs-kwaliteit-plezier<\/strong><br \/>\nDeze Box bevat 6 flessen wijn<br \/>\nOntdek in onze beschrijving alle kenmerken van deze uitzonderlijke wijnen<\/p>\n<p><strong>Gratis levering bij aankoop van 2 pakken<\/strong><\/p>\n","protected":false},"featured_media":7249,"comment_status":"open","ping_status":"closed","template":"","meta":[],"product_brand":[],"product_cat":[73],"product_tag":[],"class_list":{"0":"post-6298","1":"product","2":"type-product","3":"status-publish","4":"has-post-thumbnail","6":"product_cat-pakket","8":"first","9":"instock","10":"taxable","11":"shipping-taxable","12":"purchasable","13":"product-type-simple"},"group_of_quantity":1,"min_quantity":0,"max_quantity":"","exclude_order_quantity_value_rules":"no","exclude_category_quantity_rules":"no","combine_variations":"no","_links":{"self":[{"href":"https:\/\/www.vinquotidien.com\/nl\/wp-json\/wp\/v2\/product\/6298","targetHints":{"allow":["GET"]}}],"collection":[{"href":"https:\/\/www.vinquotidien.com\/nl\/wp-json\/wp\/v2\/product"}],"about":[{"href":"https:\/\/www.vinquotidien.com\/nl\/wp-json\/wp\/v2\/types\/product"}],"replies":[{"embeddable":true,"href":"https:\/\/www.vinquotidien.com\/nl\/wp-json\/wp\/v2\/comments?post=6298"}],"wp:featuredmedia":[{"embeddable":true,"href":"https:\/\/www.vinquotidien.com\/nl\/wp-json\/wp\/v2\/media\/7249"}],"wp:attachment":[{"href":"https:\/\/www.vinquotidien.com\/nl\/wp-json\/wp\/v2\/media?parent=6298"}],"wp:term":[{"taxonomy":"product_brand","embeddable":true,"href":"https:\/\/www.vinquotidien.com\/nl\/wp-json\/wp\/v2\/product_brand?post=6298"},{"taxonomy":"product_cat","embeddable":true,"href":"https:\/\/www.vinquotidien.com\/nl\/wp-json\/wp\/v2\/product_cat?post=6298"},{"taxonomy":"product_tag","embeddable":true,"href":"https:\/\/www.vinquotidien.com\/nl\/wp-json\/wp\/v2\/product_tag?post=6298"}],"curies":[{"name":"wp","href":"https:\/\/api.w.org\/{rel}","templated":true}]}}