{"id":6713,"date":"2023-11-27T21:12:55","date_gmt":"2023-11-27T20:12:55","guid":{"rendered":"https:\/\/www.vinquotidien.com\/?post_type=product&#038;p=6713"},"modified":"2025-03-24T16:53:33","modified_gmt":"2025-03-24T15:53:33","slug":"le-carre-de-pees-2022-jurancon-sec-clos-de-la-vierge","status":"publish","type":"product","link":"https:\/\/www.vinquotidien.com\/nl\/produit\/le-carre-de-pees-2022-jurancon-sec-clos-de-la-vierge\/","title":{"rendered":"Le Carr\u00e9 de Pe\u00e8s 2022 &#8211; Juran\u00e7on sec &#8211; Clos de la Vierge"},"content":{"rendered":"<p><strong>Wijndomein : <\/strong><br \/>\nClos de la Vierge\/ Lionel Osmin<\/p>\n<p><strong>Appellatie : <\/strong><br \/>\nJuran\u00e7on sec<\/p>\n<p><strong>Regio :<\/strong><br \/>\nSud-Ouest<\/p>\n<p><strong>En de wijn :<\/strong><br \/>\nDruivensoorten : 100% Gros Manseng<br \/>\nTerroir: Percelen in de gemeenten Lahourcade en Cuqueron, op het Monein-terroir.<br \/>\nPercelen onder oceanische invloed die profiteren van zuidelijke winden.<br \/>\nOppervlakte van het landgoed: 15 ha.<br \/>\nHandmatige oogst. Zachte pneumatische persing, fermentatie bij gecontroleerde temperatuur, gevolgd door 2 maanden roeren op de droesem. Rijping in betonnen en roestvrijstalen vaten.<\/p>\n<p><strong>En in het glas :<\/strong><br \/>\nLichte kleur met groene reflecties.<br \/>\nNeus gedomineerd door aroma&#8217;s van exotisch fruit en citrustonen.<br \/>\nVol en fris in de mond met tonen van vanille, witte perzik en citrusvruchten die een mooie persistentie in de mond bieden.<br \/>\nEen echt gastronomisch wit.<\/p>\n<p><strong>Food &amp; Wine pairing :<\/strong><br \/>\nVerrassend bij gerookte vis, heel lekker bij schaaldieren en vis in saus.<br \/>\nGetest en goedgekeurd met een goed gerijpte Bleu des Causses.<\/p>\n","protected":false},"excerpt":{"rendered":"<p><strong>Wijndomein : <\/strong><br \/>\nClos de la Vierge\/ Lionel Osmin<\/p>\n<p><strong>Appellatie : <\/strong><br \/>\nJuran\u00e7on sec<\/p>\n<p><strong>Regio :<\/strong><br \/>\nSud-Ouest<\/p>\n","protected":false},"featured_media":6712,"comment_status":"open","ping_status":"closed","template":"","meta":[],"product_brand":[],"product_cat":[63],"product_tag":[],"class_list":{"0":"post-6713","1":"product","2":"type-product","3":"status-publish","4":"has-post-thumbnail","6":"product_cat-witte-wijn-nl","8":"first","9":"instock","10":"taxable","11":"shipping-taxable","12":"purchasable","13":"product-type-simple"},"group_of_quantity":6,"min_quantity":0,"max_quantity":"","exclude_order_quantity_value_rules":"no","exclude_category_quantity_rules":"no","combine_variations":"no","_links":{"self":[{"href":"https:\/\/www.vinquotidien.com\/nl\/wp-json\/wp\/v2\/product\/6713","targetHints":{"allow":["GET"]}}],"collection":[{"href":"https:\/\/www.vinquotidien.com\/nl\/wp-json\/wp\/v2\/product"}],"about":[{"href":"https:\/\/www.vinquotidien.com\/nl\/wp-json\/wp\/v2\/types\/product"}],"replies":[{"embeddable":true,"href":"https:\/\/www.vinquotidien.com\/nl\/wp-json\/wp\/v2\/comments?post=6713"}],"wp:featuredmedia":[{"embeddable":true,"href":"https:\/\/www.vinquotidien.com\/nl\/wp-json\/wp\/v2\/media\/6712"}],"wp:attachment":[{"href":"https:\/\/www.vinquotidien.com\/nl\/wp-json\/wp\/v2\/media?parent=6713"}],"wp:term":[{"taxonomy":"product_brand","embeddable":true,"href":"https:\/\/www.vinquotidien.com\/nl\/wp-json\/wp\/v2\/product_brand?post=6713"},{"taxonomy":"product_cat","embeddable":true,"href":"https:\/\/www.vinquotidien.com\/nl\/wp-json\/wp\/v2\/product_cat?post=6713"},{"taxonomy":"product_tag","embeddable":true,"href":"https:\/\/www.vinquotidien.com\/nl\/wp-json\/wp\/v2\/product_tag?post=6713"}],"curies":[{"name":"wp","href":"https:\/\/api.w.org\/{rel}","templated":true}]}}