{"id":7219,"date":"2024-11-22T11:09:22","date_gmt":"2024-11-22T10:09:22","guid":{"rendered":"https:\/\/www.vinquotidien.com\/?post_type=product&#038;p=7219"},"modified":"2025-03-24T16:34:44","modified_gmt":"2025-03-24T15:34:44","slug":"champagne-ruinart-blanc-de-blancs","status":"publish","type":"product","link":"https:\/\/www.vinquotidien.com\/nl\/produit\/champagne-ruinart-blanc-de-blancs\/","title":{"rendered":"Champagne Ruinart &#8211; Blanc de Blancs"},"content":{"rendered":"<p><strong>Wijndomein : <\/strong><br \/>\nRuinart<\/p>\n<p><strong>Appellatie : <\/strong><br \/>\nChampagne<\/p>\n<p><strong>Regio :<\/strong><br \/>\nChampagne<\/p>\n<p><strong>En de wijn :<\/strong><br \/>\nDruivensoort: 100% Chardonnay<br \/>\nSamengesteld uit Chardonnays van 25 tot 30 verschillende jaargangen, voornamelijk uit de C\u00f4te des Blancs, de Montagne de Reims, de S\u00e9zannais en de Vall\u00e9e de la Vesle. Ze weerspiegelen de rijkdom en diversiteit van het Champagne-terroir.<br \/>\nWijnbereiding: Handmatige oogst<br \/>\nMix van jaargangen inclusief 20 tot 30% reservewijn uit oogsten uit verschillende jaren<br \/>\nAlcoholische gisting in thermisch gereguleerde roestvrijstalen vaten<br \/>\nMalolactische gisting<br \/>\n2 tot 3 jaar rust in de kelder<br \/>\nDosering: 7 g\/l<\/p>\n<p><strong>En in het glas :<\/strong><br \/>\nBriljante lichtgele kleur met lichte amandelgroene en jadegroene reflecties.<br \/>\nIntense neus van vers fruit: citroen, peer en perzik. Noten van witte bloemen vergezeld van een kruidig vleugje gember en roze peper.<br \/>\nMond tussen spanning en rondheid, omhullend en onderstreept door een aromatische frisheid van rijpe citrusvruchten en exotisch fruit.<br \/>\nDe finale is lang en delicaat.<\/p>\n<p><strong>Food &amp; Wine pairing :<\/strong><br \/>\nPerfect bij zeevruchten of vis. Heerlijk bij een carpaccio van citrus-zeebaars.<\/p>\n","protected":false},"excerpt":{"rendered":"<p><strong>Wijndomein : <\/strong><br \/>\nRuinart<\/p>\n<p><strong>Appellatie : <\/strong><br \/>\nChampagne<\/p>\n<p><strong>Regio :<\/strong><br \/>\nChampagne<\/p>\n","protected":false},"featured_media":7214,"comment_status":"open","ping_status":"closed","template":"","meta":[],"product_brand":[],"product_cat":[62,96],"product_tag":[],"class_list":{"0":"post-7219","1":"product","2":"type-product","3":"status-publish","4":"has-post-thumbnail","6":"product_cat-bubbles-nl","7":"product_cat-vip-corner-nl","9":"first","10":"instock","11":"taxable","12":"shipping-taxable","13":"purchasable","14":"product-type-simple"},"group_of_quantity":6,"min_quantity":0,"max_quantity":"","exclude_order_quantity_value_rules":"no","exclude_category_quantity_rules":"no","combine_variations":"no","_links":{"self":[{"href":"https:\/\/www.vinquotidien.com\/nl\/wp-json\/wp\/v2\/product\/7219","targetHints":{"allow":["GET"]}}],"collection":[{"href":"https:\/\/www.vinquotidien.com\/nl\/wp-json\/wp\/v2\/product"}],"about":[{"href":"https:\/\/www.vinquotidien.com\/nl\/wp-json\/wp\/v2\/types\/product"}],"replies":[{"embeddable":true,"href":"https:\/\/www.vinquotidien.com\/nl\/wp-json\/wp\/v2\/comments?post=7219"}],"wp:featuredmedia":[{"embeddable":true,"href":"https:\/\/www.vinquotidien.com\/nl\/wp-json\/wp\/v2\/media\/7214"}],"wp:attachment":[{"href":"https:\/\/www.vinquotidien.com\/nl\/wp-json\/wp\/v2\/media?parent=7219"}],"wp:term":[{"taxonomy":"product_brand","embeddable":true,"href":"https:\/\/www.vinquotidien.com\/nl\/wp-json\/wp\/v2\/product_brand?post=7219"},{"taxonomy":"product_cat","embeddable":true,"href":"https:\/\/www.vinquotidien.com\/nl\/wp-json\/wp\/v2\/product_cat?post=7219"},{"taxonomy":"product_tag","embeddable":true,"href":"https:\/\/www.vinquotidien.com\/nl\/wp-json\/wp\/v2\/product_tag?post=7219"}],"curies":[{"name":"wp","href":"https:\/\/api.w.org\/{rel}","templated":true}]}}