{"id":7925,"date":"2025-08-02T08:54:20","date_gmt":"2025-08-02T06:54:20","guid":{"rendered":"https:\/\/www.vinquotidien.com\/?post_type=product&#038;p=7925"},"modified":"2025-08-02T08:57:05","modified_gmt":"2025-08-02T06:57:05","slug":"la-ptite-cote-cotes-du-rhone-rouge-domaine-du-trapadis","status":"publish","type":"product","link":"https:\/\/www.vinquotidien.com\/nl\/produit\/la-ptite-cote-cotes-du-rhone-rouge-domaine-du-trapadis\/","title":{"rendered":"La P&#8217;tite C\u00f4te &#8211; C\u00f4tes-du-Rh\u00f4ne rouge &#8211; Domaine du Trapadis"},"content":{"rendered":"<p><strong>Wijndomein : <\/strong><br \/>\nChristophe Savoye<\/p>\n<p><strong>Appellatie : <\/strong><br \/>\nChiroubles<\/p>\n<p><strong>Regio :<\/strong><br \/>\nBeaujolais<\/p>\n<p><strong>Beloningen :<\/strong><\/p>\n<p><strong>En de wijn :<\/strong><br \/>\nDruivensoort: 100% Grenache Noir<br \/>\nKlei-kalksteen terroir, gelegen op een vlakte, bestaande uit rode klei en kleine, ronde kiezels.<br \/>\nDe wijngaard wordt zonder herbiciden bewerkt; chemische meststoffen en synthetische producten zijn eveneens verboden.<br \/>\nHandmatige oogst, bes-voor-bessen sortering.<br \/>\nDe oogst wordt direct geperst, waarna het sap 24 uur lang koud wordt gerijpt.<br \/>\nDe alcoholische gisting vindt plaats in vaten met lokale gisten bij een temperatuur van 18\u00b0C.<br \/>\nGebotteld op het domein v\u00f3\u00f3r de zomer.<\/p>\n<p><strong>En in het glas :<\/strong><br \/>\nPrachtige granaatrode kleur.<br \/>\nComplexe neus van rood fruit, leer, garrigue en menthol.<br \/>\nVolle smaak met de aroma&#8217;s van de neus, een mooie structuur en soepele Grenache tannines.<br \/>\nElegante afdronk van rode bessen.<\/p>\n<p><strong>Food &amp; Wine pairing :<\/strong><br \/>\nBij een mooi gegrild rood vlees<\/p>\n","protected":false},"excerpt":{"rendered":"<p><strong>Wijndomein : <\/strong><br \/>\nChristophe Savoye<\/p>\n<p><strong>Appellatie : <\/strong><br \/>\nChiroubles<\/p>\n<p><strong>Regio :<\/strong><br \/>\nBeaujolais<\/p>\n<p><strong>Beloningen :<\/strong><\/p>\n","protected":false},"featured_media":7924,"comment_status":"open","ping_status":"closed","template":"","meta":[],"product_brand":[],"product_cat":[65],"product_tag":[],"class_list":{"0":"post-7925","1":"product","2":"type-product","3":"status-publish","4":"has-post-thumbnail","6":"product_cat-rode-wijn-nl","8":"first","9":"outofstock","10":"taxable","11":"shipping-taxable","12":"purchasable","13":"product-type-simple"},"group_of_quantity":6,"min_quantity":0,"max_quantity":"","exclude_order_quantity_value_rules":"no","exclude_category_quantity_rules":"no","combine_variations":"no","_links":{"self":[{"href":"https:\/\/www.vinquotidien.com\/nl\/wp-json\/wp\/v2\/product\/7925","targetHints":{"allow":["GET"]}}],"collection":[{"href":"https:\/\/www.vinquotidien.com\/nl\/wp-json\/wp\/v2\/product"}],"about":[{"href":"https:\/\/www.vinquotidien.com\/nl\/wp-json\/wp\/v2\/types\/product"}],"replies":[{"embeddable":true,"href":"https:\/\/www.vinquotidien.com\/nl\/wp-json\/wp\/v2\/comments?post=7925"}],"wp:featuredmedia":[{"embeddable":true,"href":"https:\/\/www.vinquotidien.com\/nl\/wp-json\/wp\/v2\/media\/7924"}],"wp:attachment":[{"href":"https:\/\/www.vinquotidien.com\/nl\/wp-json\/wp\/v2\/media?parent=7925"}],"wp:term":[{"taxonomy":"product_brand","embeddable":true,"href":"https:\/\/www.vinquotidien.com\/nl\/wp-json\/wp\/v2\/product_brand?post=7925"},{"taxonomy":"product_cat","embeddable":true,"href":"https:\/\/www.vinquotidien.com\/nl\/wp-json\/wp\/v2\/product_cat?post=7925"},{"taxonomy":"product_tag","embeddable":true,"href":"https:\/\/www.vinquotidien.com\/nl\/wp-json\/wp\/v2\/product_tag?post=7925"}],"curies":[{"name":"wp","href":"https:\/\/api.w.org\/{rel}","templated":true}]}}