{"id":8031,"date":"2025-09-02T11:29:30","date_gmt":"2025-09-02T09:29:30","guid":{"rendered":"https:\/\/www.vinquotidien.com\/?post_type=product&#038;p=8031"},"modified":"2026-02-11T09:05:04","modified_gmt":"2026-02-11T08:05:04","slug":"les-bulles-extra-brut-2023-domaine-du-krayenberg","status":"publish","type":"product","link":"https:\/\/www.vinquotidien.com\/nl\/produit\/les-bulles-extra-brut-2023-domaine-du-krayenberg\/","title":{"rendered":"Les Bulles Extra Brut  2023 &#8211; Domaine du Krayenberg"},"content":{"rendered":"<p><strong>Wijndomein :\u00a0<\/strong><br \/>\nDomaine du Krayenberg<\/p>\n<p><strong>Denominatie :<br \/>\n<\/strong><\/p>\n<p><strong>Regio :<\/strong><br \/>\nZennevallei<\/p>\n<p><strong>Beloningen :<\/strong><\/p>\n<p><strong>En de wijn :<br \/>\n<\/strong>33% Johanniter, 33% Bronner; 33% Souvignier gris.<br \/>\nDomein gelegen in de Val de Senne in Beersel (Vlaams-Brabant) met een totale oppervlakte van 6 hectare, waarvan slechts 1,5 hectare wijngaarden.<br \/>\nTerroir: Zandleemgronden, Val de Senne.<br \/>\nWijnbouw: Duurzame teelt, handgeplukte, resistente druivenrassen (PIWI), duurzame aanpak, beperkte fytosanitaire behandelingen.<br \/>\nVinificatie: Mousserende wijn gemaakt volgens de traditionele methode met nagisting op fles.<br \/>\n18 maanden rijping op latten v\u00f3\u00f3r de d\u00e9gorgement.<\/p>\n<p><strong>En in het glas:<br \/>\n<\/strong>Fijne, levendige bubbels, een prachtige lichtgouden kleur.<br \/>\nFrisse en elegante neus met citrus.<br \/>\nAroma&#8217;s van frisse peer, citrus (citroen, yuzu) met hints van kruisbes die evolueren naar exotisch fruit. In de mond is de aanzet levendig en verfrissend, met fijne, aanhoudende bubbels die niet agressief zijn.<br \/>\nRonde en soepele structuur, met een lange, hartige afdronk.<br \/>\nEen wijn om direct van te genieten!<\/p>\n<p><strong>Food &amp; Wine pairing :<\/strong><br \/>\nHeerlijk als aperitief, bij oesters, schelpdieren of ceviche van witte vis.<\/p>\n","protected":false},"excerpt":{"rendered":"<p><strong>Wijndomein :\u00a0<\/strong><br \/>\nDomaine Mont des Anges<\/p>\n<p><strong>Appellatie :<\/strong><br \/>\nBulles Belges<\/p>\n<p><strong>Regio :<\/strong><br \/>\nBergen<\/p>\n<p><strong>Beloningen :<\/strong><\/p>\n","protected":false},"featured_media":8030,"comment_status":"open","ping_status":"closed","template":"","meta":[],"product_brand":[],"product_cat":[60,62],"product_tag":[],"class_list":{"0":"post-8031","1":"product","2":"type-product","3":"status-publish","4":"has-post-thumbnail","6":"product_cat-nieuwtjes","7":"product_cat-bubbles-nl","9":"first","10":"instock","11":"taxable","12":"shipping-taxable","13":"purchasable","14":"product-type-simple"},"group_of_quantity":6,"min_quantity":0,"max_quantity":"","exclude_order_quantity_value_rules":"no","exclude_category_quantity_rules":"no","combine_variations":"no","_links":{"self":[{"href":"https:\/\/www.vinquotidien.com\/nl\/wp-json\/wp\/v2\/product\/8031","targetHints":{"allow":["GET"]}}],"collection":[{"href":"https:\/\/www.vinquotidien.com\/nl\/wp-json\/wp\/v2\/product"}],"about":[{"href":"https:\/\/www.vinquotidien.com\/nl\/wp-json\/wp\/v2\/types\/product"}],"replies":[{"embeddable":true,"href":"https:\/\/www.vinquotidien.com\/nl\/wp-json\/wp\/v2\/comments?post=8031"}],"wp:featuredmedia":[{"embeddable":true,"href":"https:\/\/www.vinquotidien.com\/nl\/wp-json\/wp\/v2\/media\/8030"}],"wp:attachment":[{"href":"https:\/\/www.vinquotidien.com\/nl\/wp-json\/wp\/v2\/media?parent=8031"}],"wp:term":[{"taxonomy":"product_brand","embeddable":true,"href":"https:\/\/www.vinquotidien.com\/nl\/wp-json\/wp\/v2\/product_brand?post=8031"},{"taxonomy":"product_cat","embeddable":true,"href":"https:\/\/www.vinquotidien.com\/nl\/wp-json\/wp\/v2\/product_cat?post=8031"},{"taxonomy":"product_tag","embeddable":true,"href":"https:\/\/www.vinquotidien.com\/nl\/wp-json\/wp\/v2\/product_tag?post=8031"}],"curies":[{"name":"wp","href":"https:\/\/api.w.org\/{rel}","templated":true}]}}