{"id":8305,"date":"2026-02-26T14:13:50","date_gmt":"2026-02-26T13:13:50","guid":{"rendered":"https:\/\/www.vinquotidien.com\/?post_type=product&#038;p=8305"},"modified":"2026-05-08T11:34:05","modified_gmt":"2026-05-08T09:34:05","slug":"elegance-costieres-de-nimes-chateau-beaubois","status":"publish","type":"product","link":"https:\/\/www.vinquotidien.com\/nl\/produit\/elegance-costieres-de-nimes-chateau-beaubois\/","title":{"rendered":"El\u00e9gance 2024 &#8211; Costi\u00e8res de N\u00eemes &#8211; Ch\u00e2teau Beaubois"},"content":{"rendered":"<p><strong>Wijndomein : <\/strong><br \/>\nCh\u00e2teau Beaubois<\/p>\n<p><strong>Appellatie : <\/strong><br \/>\nCosti\u00e8res de N\u00eemes<\/p>\n<p><strong>Regio :<\/strong><br \/>\nRh\u00f4ne M\u00e9ridional<\/p>\n<p><strong>Beloningen :<\/strong><\/p>\n<p><strong>En de wijn :<\/strong><br \/>\n80% Syrah van Clos Fran\u00e7ois en 20% Grenache van Clos R\u00e9ussite<br \/>\nVillafranchische kiezelbodems, Gress, zuidelijk deel van Costi\u00e8res, Durancienne-gedeelte van Franquevaux.<br \/>\nTraditionele vinificatie met regelmatige overpompen en ontlasten. Gecontroleerde vinificatietemperatuur van ongeveer 29 \u00b0C.<br \/>\n15 dagen gisting en 12 maanden rijping in tanks.<br \/>\nWijngaard beheerd volgens biologische en biodynamische landbouwprincipes.<\/p>\n<p><strong>En in het glas :<\/strong><br \/>\nDiepe, heldere rode kleur met paarse reflecties.<br \/>\nNeus van rode en zwarte vruchten, kruiden en leer.<br \/>\nRonde, zijdezachte maar goed aanwezige tannines in de mond, aanhoudende aroma&#8217;s van rode vruchten.<br \/>\nRijke en elegante afdronk.<\/p>\n<p><strong>Food &amp; Wine pairing :<\/strong><br \/>\nPerfect bij rood vlees, wild en kaas.<\/p>\n","protected":false},"excerpt":{"rendered":"<p><strong>Wijndomein : <\/strong><br \/>\nCh\u00e2teau Beaubois<\/p>\n<p><strong>Appellatie : <\/strong><br \/>\nCosti\u00e8res de N\u00eemes<\/p>\n<p><strong>Regio :<\/strong><br \/>\nRh\u00f4ne M\u00e9ridional<\/p>\n<p><strong>Beloningen :<\/strong><\/p>\n","protected":false},"featured_media":8304,"comment_status":"open","ping_status":"closed","template":"","meta":[],"product_brand":[],"product_cat":[60,65],"product_tag":[],"class_list":{"0":"post-8305","1":"product","2":"type-product","3":"status-publish","4":"has-post-thumbnail","6":"product_cat-nieuwtjes","7":"product_cat-rode-wijn-nl","9":"first","10":"instock","11":"taxable","12":"shipping-taxable","13":"purchasable","14":"product-type-simple"},"group_of_quantity":6,"min_quantity":0,"max_quantity":"","exclude_order_quantity_value_rules":"no","exclude_category_quantity_rules":"no","combine_variations":"no","_links":{"self":[{"href":"https:\/\/www.vinquotidien.com\/nl\/wp-json\/wp\/v2\/product\/8305","targetHints":{"allow":["GET"]}}],"collection":[{"href":"https:\/\/www.vinquotidien.com\/nl\/wp-json\/wp\/v2\/product"}],"about":[{"href":"https:\/\/www.vinquotidien.com\/nl\/wp-json\/wp\/v2\/types\/product"}],"replies":[{"embeddable":true,"href":"https:\/\/www.vinquotidien.com\/nl\/wp-json\/wp\/v2\/comments?post=8305"}],"wp:featuredmedia":[{"embeddable":true,"href":"https:\/\/www.vinquotidien.com\/nl\/wp-json\/wp\/v2\/media\/8304"}],"wp:attachment":[{"href":"https:\/\/www.vinquotidien.com\/nl\/wp-json\/wp\/v2\/media?parent=8305"}],"wp:term":[{"taxonomy":"product_brand","embeddable":true,"href":"https:\/\/www.vinquotidien.com\/nl\/wp-json\/wp\/v2\/product_brand?post=8305"},{"taxonomy":"product_cat","embeddable":true,"href":"https:\/\/www.vinquotidien.com\/nl\/wp-json\/wp\/v2\/product_cat?post=8305"},{"taxonomy":"product_tag","embeddable":true,"href":"https:\/\/www.vinquotidien.com\/nl\/wp-json\/wp\/v2\/product_tag?post=8305"}],"curies":[{"name":"wp","href":"https:\/\/api.w.org\/{rel}","templated":true}]}}