{"id":8367,"date":"2026-03-10T19:17:36","date_gmt":"2026-03-10T18:17:36","guid":{"rendered":"https:\/\/www.vinquotidien.com\/?post_type=product&#038;p=8367"},"modified":"2026-03-10T19:17:36","modified_gmt":"2026-03-10T18:17:36","slug":"cremant-dalsace-brut-domaine-wehrle","status":"publish","type":"product","link":"https:\/\/www.vinquotidien.com\/nl\/produit\/cremant-dalsace-brut-domaine-wehrle\/","title":{"rendered":"Cr\u00e9mant d\u2019Alsace Brut &#8211; Domaine Wehrl\u00e9"},"content":{"rendered":"<p><strong>Wijndomein : <\/strong><br \/>\nDomaine Wehrl\u00e9<\/p>\n<p><strong>Appellatie : <\/strong><br \/>\nCr\u00e9mant d\u2019Alsace Brut<\/p>\n<p><strong>Regio :<\/strong><br \/>\nAlsace<\/p>\n<p><strong>Beloningen :<\/strong><\/p>\n<p><strong>En de wijn :<\/strong><br \/>\nDruivensoorten : 50% Auxerrois, 40% Pinot Noir, 10% Pinot Blanc, 10% Chardonnay op typisch Elzasser bodems.<br \/>\nDe cuv\u00e9e wordt volgens de traditionele methode geproduceerd:<br \/>\nEerste gisting van de basiswijnen (stille wijnen) en assemblage van de druivensoorten om fruit, zuurgraad en structuur in evenwicht te brengen.<br \/>\nTirage en toevoeging van gisten voor de tweede gisting op fles, gevolgd door een langdurige rijping op de gistresten met remuage en d\u00e9gorgement v\u00f3\u00f3r het bottelen.<\/p>\n<p><strong>En in het glas :<\/strong><br \/>\nLichtgele kleur, fijne en aanhoudende mousserendheid.<br \/>\nFrisse en delicate neus van appel, peer, citrusvruchten met bloemige en briocheachtige tonen.<br \/>\nLevendig en evenwichtig in de mond met een verfrissende zuurgraad. Het gevoel van frisheid overheerst, ondersteund door een subtiele mineraliteit en een zuivere afdronk.<\/p>\n<p><strong>Food &amp; Wine pairing :<\/strong><br \/>\nAls aperitief, bij zeevruchten en schaaldieren.<\/p>\n","protected":false},"excerpt":{"rendered":"<p><strong>Wijndomein : <\/strong><br \/>\nDomaine Wehrl\u00e9<\/p>\n<p><strong>Appellatie : <\/strong><br \/>\nCr\u00e9mant d\u2019Alsace Brut<\/p>\n<p><strong>Regio :<\/strong><br \/>\nAlsace<\/p>\n<p><strong>Beloningen :<\/strong><\/p>\n","protected":false},"featured_media":8356,"comment_status":"open","ping_status":"closed","template":"","meta":[],"product_brand":[],"product_cat":[60,62],"product_tag":[],"class_list":{"0":"post-8367","1":"product","2":"type-product","3":"status-publish","4":"has-post-thumbnail","6":"product_cat-nieuwtjes","7":"product_cat-bubbles-nl","9":"first","10":"instock","11":"taxable","12":"shipping-taxable","13":"purchasable","14":"product-type-simple"},"group_of_quantity":6,"min_quantity":0,"max_quantity":"","exclude_order_quantity_value_rules":"no","exclude_category_quantity_rules":"no","combine_variations":"no","_links":{"self":[{"href":"https:\/\/www.vinquotidien.com\/nl\/wp-json\/wp\/v2\/product\/8367","targetHints":{"allow":["GET"]}}],"collection":[{"href":"https:\/\/www.vinquotidien.com\/nl\/wp-json\/wp\/v2\/product"}],"about":[{"href":"https:\/\/www.vinquotidien.com\/nl\/wp-json\/wp\/v2\/types\/product"}],"replies":[{"embeddable":true,"href":"https:\/\/www.vinquotidien.com\/nl\/wp-json\/wp\/v2\/comments?post=8367"}],"wp:featuredmedia":[{"embeddable":true,"href":"https:\/\/www.vinquotidien.com\/nl\/wp-json\/wp\/v2\/media\/8356"}],"wp:attachment":[{"href":"https:\/\/www.vinquotidien.com\/nl\/wp-json\/wp\/v2\/media?parent=8367"}],"wp:term":[{"taxonomy":"product_brand","embeddable":true,"href":"https:\/\/www.vinquotidien.com\/nl\/wp-json\/wp\/v2\/product_brand?post=8367"},{"taxonomy":"product_cat","embeddable":true,"href":"https:\/\/www.vinquotidien.com\/nl\/wp-json\/wp\/v2\/product_cat?post=8367"},{"taxonomy":"product_tag","embeddable":true,"href":"https:\/\/www.vinquotidien.com\/nl\/wp-json\/wp\/v2\/product_tag?post=8367"}],"curies":[{"name":"wp","href":"https:\/\/api.w.org\/{rel}","templated":true}]}}