{"id":8396,"date":"2026-03-11T11:51:11","date_gmt":"2026-03-11T10:51:11","guid":{"rendered":"https:\/\/www.vinquotidien.com\/?post_type=product&#038;p=8396"},"modified":"2026-03-11T11:51:48","modified_gmt":"2026-03-11T10:51:48","slug":"fitou-vieilles-vignes-2024-domaine-jones","status":"publish","type":"product","link":"https:\/\/www.vinquotidien.com\/nl\/produit\/fitou-vieilles-vignes-2024-domaine-jones\/","title":{"rendered":"Fitou Vieilles Vignes 2024 &#8211; Domaine Jones"},"content":{"rendered":"<p><strong>Wijndomein : <\/strong><br \/>\nKatie Jones<\/p>\n<p><strong>Appellatie : <\/strong><br \/>\nFitou<\/p>\n<p><strong>Regio :<\/strong><br \/>\nLanguedoc<\/p>\n<p><strong>En de wijn :<\/strong><br \/>\nGemaakt van druiven afkomstig van een vijftiental zeer kleine wijngaarden verspreid rond de dorpen Tuchan en Paziols. Klei-kalkbodems bezaaid met leisteen.<br \/>\nCarignan (40%) van 120 jaar oud, Grenache (30%) van 30 tot 120 jaar oud, Syrah (30%) van 40 jaar oud.<br \/>\nHandmatige oogst in kratten van 12 kg en gescheiden gisting, in zeer kleine roestvrijstalen vaten en per druivensoort om de typische kenmerken van de percelen tot uiting te brengen.<br \/>\nNa 10 dagen worden de druiven geperst en wordt 40% van de wijn overgebracht naar Franse eikenhouten vaten van 228 liter die \u00e9\u00e9n tot twee jaar oud zijn. Na een rijping van 10 maanden wordt de wijn opnieuw samengevoegd en in juli gebotteld.<br \/>\nDe filosofie van Domaine Jones is gebaseerd op de combinatie van traditionele en authentieke landbouwmethoden en innovatieve wijnbereidingstechnieken. De wijnbereiding is zogenaamd \u201cboutique\u201d: de cuv\u00e9es worden in zeer kleine hoeveelheden geproduceerd, soms zelfs slechts \u00e9\u00e9n of twee vaten; een echte ambachtelijke productie.<\/p>\n<p><strong>En in het glas :<\/strong><br \/>\nDieprode, bijna violette kleur.<br \/>\nNeus van zwart fruit (bramen, zwarte kersen), kruiden, garrigue-kruiden en zelfs gebrande koffie. Volle smaak met aanwezige maar soepele tannines, ondersteund door tonen van bramen en chocolade. Aanhoudende en zeer lange afdronk.<\/p>\n<p><strong>Food &amp; Wine pairing :<\/strong><br \/>\nBij mooi gerijpt vlees of gestoofde gerechten en ragouts.<\/p>\n","protected":false},"excerpt":{"rendered":"<p><strong>Wijndomein : <\/strong><br \/>\nKatie Jones<\/p>\n<p><strong>Appellatie : <\/strong><br \/>\nFitou<\/p>\n<p><strong>Regio :<\/strong><br \/>\nLanguedoc<\/p>\n","protected":false},"featured_media":8395,"comment_status":"open","ping_status":"closed","template":"","meta":[],"product_brand":[],"product_cat":[60,65],"product_tag":[],"class_list":{"0":"post-8396","1":"product","2":"type-product","3":"status-publish","4":"has-post-thumbnail","6":"product_cat-nieuwtjes","7":"product_cat-rode-wijn-nl","9":"first","10":"instock","11":"taxable","12":"shipping-taxable","13":"purchasable","14":"product-type-simple"},"group_of_quantity":6,"min_quantity":0,"max_quantity":"","exclude_order_quantity_value_rules":"no","exclude_category_quantity_rules":"no","combine_variations":"no","_links":{"self":[{"href":"https:\/\/www.vinquotidien.com\/nl\/wp-json\/wp\/v2\/product\/8396","targetHints":{"allow":["GET"]}}],"collection":[{"href":"https:\/\/www.vinquotidien.com\/nl\/wp-json\/wp\/v2\/product"}],"about":[{"href":"https:\/\/www.vinquotidien.com\/nl\/wp-json\/wp\/v2\/types\/product"}],"replies":[{"embeddable":true,"href":"https:\/\/www.vinquotidien.com\/nl\/wp-json\/wp\/v2\/comments?post=8396"}],"wp:featuredmedia":[{"embeddable":true,"href":"https:\/\/www.vinquotidien.com\/nl\/wp-json\/wp\/v2\/media\/8395"}],"wp:attachment":[{"href":"https:\/\/www.vinquotidien.com\/nl\/wp-json\/wp\/v2\/media?parent=8396"}],"wp:term":[{"taxonomy":"product_brand","embeddable":true,"href":"https:\/\/www.vinquotidien.com\/nl\/wp-json\/wp\/v2\/product_brand?post=8396"},{"taxonomy":"product_cat","embeddable":true,"href":"https:\/\/www.vinquotidien.com\/nl\/wp-json\/wp\/v2\/product_cat?post=8396"},{"taxonomy":"product_tag","embeddable":true,"href":"https:\/\/www.vinquotidien.com\/nl\/wp-json\/wp\/v2\/product_tag?post=8396"}],"curies":[{"name":"wp","href":"https:\/\/api.w.org\/{rel}","templated":true}]}}